{"id":3774,"date":"2023-07-27T22:55:03","date_gmt":"2023-07-27T20:55:03","guid":{"rendered":"https:\/\/www.gitehague.fr\/politique-de-confidentialite\/"},"modified":"2023-07-27T22:58:17","modified_gmt":"2023-07-27T20:58:17","slug":"privacy-policy","status":"publish","type":"page","link":"https:\/\/www.gitehague.fr\/en\/privacy-policy\/","title":{"rendered":"Privacy policy"},"content":{"rendered":"<h2>Conditions G\u00e9n\u00e9rales d\u2019Utilisation et Politique de confidentialit\u00e9<\/h2>\n<h3>Introduction<\/h3>\n<p>Devant le d\u00e9veloppement des nouveaux outils de communication, il est n\u00e9cessaire de porter une attention particuli\u00e8re \u00e0 la protection de la vie priv\u00e9e. C\u2019est pourquoi, nous nous engageons \u00e0 respecter la confidentialit\u00e9 des renseignements personnels que nous collectons. Pour toute information compl\u00e9mentaire sur la protection des donn\u00e9es personnelles, nous vous invitons \u00e0 consulter le site : <a href=\"https:\/\/www.cnil.fr\/\" target=\"_blank\" rel=\"noopener noreferrer\">https:\/\/www.cnil.fr\/<\/a> La poursuite de la navigation sur ce site vaut acceptation sans r\u00e9serve des dispositions et conditions d&#8217;utilisation qui suivent. Vous acceptez l&#8217;utilisation de cookies et autres traceurs. En cas de refus, veuillez cliquer sur le lien suivant : <a href=\"https:\/\/www.cnil.fr\/fr\/cookies-les-outils-pour-les-maitriser\" target=\"_blank\" rel=\"noopener noreferrer\">https:\/\/www.cnil.fr\/fr\/cookies-les-outils-pour-les-maitriser<\/a> La version actuellement en ligne de ces conditions d&#8217;utilisation est la seule opposable pendant toute la dur\u00e9e d&#8217;utilisation du site et jusqu&#8217;\u00e0 ce qu&#8217;une nouvelle version la remplace.<\/p>\n<h3>D\u00e9finitions<\/h3>\n<p><strong>L\u2019\u00c9diteur<\/strong> : La personne, physique ou morale, qui \u00e9dite les services de communication au public en ligne. <span class=\"gI\"><span data-hovercard-id=\"lecouv&#101;&#121;&#46;&#99;&#104;&#97;&#109;&#x62;&#x72;&#x65;&#x73;&#x65;&#x74;&#x67;&#x69;&#x74;&#x65;&#x73;&#x40;live&#46;f&#114;\" data-hovercard-owner-id=\"29\">Lecouvey-Bellin Delphine<\/span><\/span>, 67, rue de l&#8217;Eglise Saint Gilles &#8211; 50440 Auderville &#8211; La Hague, T\u00e9l : 02 33 01 56 39, <a href=\"&#x6d;&#x61;&#105;&#108;&#116;o&#x3a;&#x63;&#x6f;&#110;&#116;ac&#x74;&#x40;&#x67;&#105;&#116;e&#x68;&#x61;&#x67;&#117;&#101;&#46;f&#x72;\">contact&#64;&#103;&#105;&#116;&#101;&#104;&#97;&#103;&#117;&#101;&#46;&#x66;&#x72;<\/a><br \/>\n<strong>Le Site<\/strong> : L\u2019ensemble des sites, pages Internet et services en ligne propos\u00e9s par l\u2019\u00c9diteur.<br \/>\n<strong>L\u2019Utilisateur<\/strong> : La personne utilisant le Site et les services.<\/p>\n<h3>Acc\u00e8s au site<\/h3>\n<p>L&#8217;acc\u00e8s au site et son utilisation sont r\u00e9serv\u00e9s \u00e0 un usage strictement personnel. Vous vous engagez \u00e0 ne pas utiliser ce site et les informations ou donn\u00e9es qui y figurent \u00e0 des fins commerciales, politiques, publicitaires et pour toute forme de sollicitation commerciale et notamment l&#8217;envoi de courriers \u00e9lectroniques non sollicit\u00e9s.<\/p>\n<h3>Contenu du site<\/h3>\n<p>Toutes les marques, photographies, textes, commentaires, illustrations, images anim\u00e9es ou non, s\u00e9quences vid\u00e9o, sons, ainsi que toutes les applications informatiques qui pourraient \u00eatre utilis\u00e9es pour faire fonctionner ce site et plus g\u00e9n\u00e9ralement tous les \u00e9l\u00e9ments reproduits ou utilis\u00e9s sur le site sont prot\u00e9g\u00e9s par les lois en vigueur au titre de la propri\u00e9t\u00e9 intellectuelle. Ils sont la propri\u00e9t\u00e9 pleine et enti\u00e8re de l&#8217;\u00e9diteur ou de ses partenaires. Toute reproduction, repr\u00e9sentation, utilisation ou adaptation, sous quelque forme que ce soit, de tout ou partie de ces \u00e9l\u00e9ments, y compris les applications informatiques, sans l&#8217;accord pr\u00e9alable et \u00e9crit de l&#8217;\u00e9diteur, sont strictement interdites. Le fait pour l&#8217;\u00e9diteur de ne pas engager de proc\u00e9dure d\u00e8s la prise de connaissance de ces utilisations non autoris\u00e9es ne vaut pas acceptation desdites utilisations et renonciation aux poursuites.<\/p>\n<h3>Gestion du site<\/h3>\n<p><strong>Pour la bonne gestion du site, l&#8217;\u00c9diteur pourra \u00e0 tout moment :<\/strong> &#8211; suspendre, interrompre ou limiter l&#8217;acc\u00e8s \u00e0 tout ou partie du site, r\u00e9server l&#8217;acc\u00e8s au site, ou \u00e0 certaines parties du site, \u00e0 une cat\u00e9gorie d\u00e9termin\u00e9e d&#8217;internautes ; &#8211; supprimer toute information pouvant en perturber le fonctionnement ou entrant en contravention avec les lois nationales ou internationales, ou avec les r\u00e8gles de la N\u00e9tiquette ; &#8211; suspendre le site afin de proc\u00e9der \u00e0 des mises \u00e0 jour.<\/p>\n<h3>Responsabilit\u00e9s<\/h3>\n<p>La responsabilit\u00e9 de l&#8217;\u00c9diteur ne peut \u00eatre engag\u00e9e en cas de d\u00e9faillance, panne, difficult\u00e9 ou interruption de fonctionnement, emp\u00eachant l&#8217;acc\u00e8s au site ou \u00e0 une de ses fonctionnalit\u00e9s. Le mat\u00e9riel de connexion au site que vous utilisez est sous votre enti\u00e8re responsabilit\u00e9. Vous devez prendre toutes les mesures appropri\u00e9es pour prot\u00e9ger votre mat\u00e9riel et vos propres donn\u00e9es notamment d&#8217;attaques virales par Internet. Vous \u00eates par ailleurs seul responsable des sites et donn\u00e9es que vous consultez. <strong>L&#8217;\u00e9diteur ne pourra \u00eatre tenu responsable en cas de poursuites judiciaires \u00e0 votre encontre :<\/strong> &#8211; du fait de l&#8217;usage du site ou de tout service accessible via Internet ; &#8211; du fait du non-respect par vous des pr\u00e9sentes conditions g\u00e9n\u00e9rales. L&#8217;\u00e9diteur n&#8217;est pas responsable des dommages caus\u00e9s \u00e0 vous-m\u00eame, \u00e0 des tiers et\/ou \u00e0 votre \u00e9quipement du fait de votre connexion ou de votre utilisation du site et vous renoncez \u00e0 toute action contre lui de ce fait. Si l&#8217;\u00e9diteur venait \u00e0 faire l&#8217;objet d&#8217;une proc\u00e9dure amiable ou judiciaire \u00e0 raison de votre utilisation du site, il pourra se retourner contre vous pour obtenir l&#8217;indemnisation de tous les pr\u00e9judices, sommes, condamnations et frais qui pourraient d\u00e9couler de cette proc\u00e9dure.<\/p>\n<h3>Politique de confidentialit\u00e9 et protection des donn\u00e9es personnelles<\/h3>\n<p>Nous attachons une importance toute particuli\u00e8re \u00e0 la protection de vos donn\u00e9es personnelles. La pr\u00e9sente politique de confidentialit\u00e9 a vocation \u00e0 d\u00e9tailler de mani\u00e8re transparente la mani\u00e8re dont nous recueillons, stockons, utilisons et divulguons vos donn\u00e9es personnelles lorsque vous utilisez notre site internet. En utilisant le site vous acceptez la pr\u00e9sente politique de confidentialit\u00e9.<\/p>\n<h3>Nature des donn\u00e9es collect\u00e9es<\/h3>\n<p>Lors de votre navigation sur le site, nous sommes susceptible de recueillir, conform\u00e9ment \u00e0 la l\u00e9gislation applicable et avec votre accord pr\u00e9alable lorsqu&#8217;il est requis, des informations relatives \u00e0 vos terminaux ou aux r\u00e9seaux depuis lesquels vous acc\u00e9dez au site, tels que notamment : adresses IP, donn\u00e9es de connexion, types et versions de navigateurs internet utilis\u00e9s, syst\u00e8mes et plateformes d&#8217;exploitation et donn\u00e9es concernant votre parcours de navigation sur le site.<\/p>\n<h3>Cookies<\/h3>\n<p>Parmi les technologies utilis\u00e9es pour recueillir ces informations, nous avons notamment recours aux cookies, qui sont de petits fichiers textes t\u00e9l\u00e9charg\u00e9s sur votre terminal lorsque vous acc\u00e9dez au site.<\/p>\n<h3>Pr\u00e9sentation des cookies utilis\u00e9s<\/h3>\n<p>Les cookies analytiques : la finalit\u00e9 est de conna\u00eetre la fr\u00e9quentation, l&#8217;utilisation et les performances du site afin d&#8217;en am\u00e9liorer le fonctionnement et l&#8217;ergonomie. Nous utilisons Google Analytics (<a href=\"https:\/\/policies.google.com\/\" target=\"_blank\" rel=\"noopener noreferrer\">https:\/\/policies.google.com\/<\/a>), un service d&#8217;analyse statistique de site internet.<\/p>\n<h3>Gestion des cookies<\/h3>\n<p>Sauf d\u00e9cision de votre part de d\u00e9sactiver les cookies selon la proc\u00e9dure d\u00e9crite ci-dessous, le fait de poursuivre la navigation sur le site vaut consentement \u00e0 l&#8217;utilisation des cookies. Vous pouvez d\u00e9sactiver \u00e0 tout moment l&#8217;utilisation des cookies en s\u00e9lectionnant les param\u00e8tres appropri\u00e9s de votre navigateur. Chrome : <a href=\"https:\/\/support.google.com\/chrome\/answer\/95647?hl=fr\" target=\"_blank\" rel=\"noopener noreferrer\">https:\/\/support.google.com\/chrome\/answer\/95647?hl=fr<\/a> Firefox : <a href=\"https:\/\/support.mozilla.org\/fr\/kb\/activer-desactiver-cookies\" target=\"_blank\" rel=\"noopener noreferrer\">https:\/\/support.mozilla.org\/fr\/kb\/activer-desactiver-cookies<\/a> Internet Explorer : <a href=\"https:\/\/support.microsoft.com\/fr-fr\/help\/17442\/windows-internet-explorer-delete-manage-cookies#ie=ie-11\" target=\"_blank\" rel=\"noopener noreferrer\">https:\/\/support.microsoft.com\/fr-fr\/help\/17442\/windows-internet-explorer-delete-manage-cookies#ie=ie-11<\/a> Opera : <a href=\"https:\/\/www.opera.com\/help\/tutorials\/security\/privacy\/\" target=\"_blank\" rel=\"noopener noreferrer\">https:\/\/www.opera.com\/help\/tutorials\/security\/privacy\/<\/a> Safari : <a href=\"https:\/\/support.apple.com\/kb\/PH21411?viewlocale=fr_FR&amp;locale=fr_FR\" target=\"_blank\" rel=\"noopener noreferrer\">https:\/\/support.apple.com\/kb\/PH21411?viewlocale=fr_FR&amp;locale=fr_FR<\/a> Vous pouvez \u00e9galement trouver des instructions sur le site de la CNIL, \u00e0 cette adresse : <a href=\"https:\/\/www.cnil.fr\/fr\/cookies-les-outils-pour-les-maitriser\" target=\"_blank\" rel=\"noopener noreferrer\">https:\/\/www.cnil.fr\/fr\/cookies-les-outils-pour-les-maitriser<\/a><\/p>\n<h3>Formulaire de contact<\/h3>\n<p>Des renseignements personnels sont collect\u00e9s par le biais du formulaire de contact, \u00e0 savoir :<\/p>\n<ul>\n<li>Nom<\/li>\n<li>E-mail<\/li>\n<li>Sujet<\/li>\n<li>Message<\/li>\n<\/ul>\n<p>Nous utilisons les renseignements ainsi collect\u00e9s pour r\u00e9pondre \u00e0 vos demandes.<\/p>\n<h3>Dur\u00e9e de conservation des donn\u00e9es<\/h3>\n<p>Vos informations personnelles sont conserv\u00e9es uniquement pour le temps correspondant \u00e0 la finalit\u00e9 de la collecte qui ne saurait exc\u00e9der 5 ans.<\/p>\n<h3>Utilisation et transmission de vos donn\u00e9es personnelles<\/h3>\n<p>Vos donn\u00e9es ne font l&#8217;objet d&#8217;aucune communication \u00e0 des tiers. Vous \u00eates toutefois inform\u00e9s qu&#8217;elles pourront \u00eatre divulgu\u00e9es en application d&#8217;une loi, d&#8217;un r\u00e8glement ou en vertu d&#8217;une d\u00e9cision d&#8217;une autorit\u00e9 r\u00e9glementaire ou judiciaire comp\u00e9tente.<\/p>\n<h3>Les droits que vous avez sur vos donn\u00e9es<\/h3>\n<p>Vous pouvez demander \u00e0 recevoir un fichier contenant toutes les donn\u00e9es personnelles que nous poss\u00e9dons \u00e0 votre sujet. Vous pouvez \u00e9galement demander la suppression des donn\u00e9es personnelles vous concernant. \t\t<form action=\"https:\/\/www.gitehague.fr\/wp-admin\/admin-ajax.php\" method=\"post\" id=\"gdrf-form\">\n\t\t\t<input type=\"hidden\" name=\"action\" value=\"gdrf_data_request\" \/>\n\t\t\t<input type=\"hidden\" name=\"gdrf_data_human_key\" id=\"gdrf_data_human_key\" value=\"60009\" \/>\n\t\t\t<input type=\"hidden\" name=\"gdrf_data_nonce\" id=\"gdrf_data_nonce\" value=\"278bd8f5a4\" \/>\n\n\t\t\t\t\t<div class=\"gdrf-field gdrf-field-action\" role=\"radiogroup\" aria-labelledby=\"gdrf-radio-label\">\n\t\t\t\t<p id=\"gdrf-radio-label\">\n\t\t\t\t\tSelect your request:\t\t\t\t<\/p>\n\n\t\t\t\t<input id=\"gdrf-data-type-export\" class=\"gdrf-data-type-input\" type=\"radio\" name=\"gdrf_data_type\" value=\"export_personal_data\" \/>\n\t\t\t\t<label for=\"gdrf-data-type-export\" class=\"gdrf-data-type-label\">\n\t\t\t\t\tExport Personal Data\t\t\t\t<\/label>\n\t\t\t\t<br \/>\n\t\t\t\t<input id=\"gdrf-data-type-remove\" class=\"gdrf-data-type-input\" type=\"radio\" name=\"gdrf_data_type\" value=\"remove_personal_data\" \/>\n\t\t\t\t<label for=\"gdrf-data-type-remove\" class=\"gdrf-data-type-label\">\n\t\t\t\t\tRemove Personal Data\t\t\t\t<\/label>\n\t\t\t<\/div>\n\t\t\n\t\t\t<p class=\"gdrf-field gdrf-field-email\">\n\t\t\t\t<label for=\"gdrf_data_email\">\n\t\t\t\t\tYour email address (required)\t\t\t\t<\/label>\n\t\t\t\t<input type=\"email\" id=\"gdrf_data_email\" name=\"gdrf_data_email\" required \/>\n\t\t\t<\/p>\n\n\t\t\t<p class=\"gdrf-field gdrf-field-human\">\n\t\t\t\t<label for=\"gdrf_data_human\">\n\t\t\t\t\tHuman verification (required):\t\t\t\t\t6\u00a0+\u00a09\u00a0=\u00a0?\t\t\t\t<\/label>\n\t\t\t\t<input type=\"text\" id=\"gdrf_data_human\" name=\"gdrf_data_human\" required \/>\n\t\t\t<\/p>\n\n\t\t\t<p class=\"gdrf-field gdrf-field-submit\">\n\t\t\t\t<input id=\"gdrf-submit-button\" type=\"submit\" class=\"wp-element-button\" value=\"Send Request\" \/>\n\t\t\t<\/p>\n\t\t<\/form>\n\t\t<\/p>\n<h3>Suppression du compte<\/h3>\n<p><strong>Suppression du compte \u00e0 la demande<\/strong> L\u2019Utilisateur a la possibilit\u00e9 de supprimer son Compte \u00e0 tout moment, par simple demande \u00e0 l\u2019\u00c9diteur OU par le menu de suppression de Compte pr\u00e9sent dans les param\u00e8tres du Compte le cas \u00e9ch\u00e9ant. <strong>Suppression du compte en cas de violation des CGU<\/strong> En cas de violation d\u2019une ou de plusieurs dispositions des CGU ou de tout autre document incorpor\u00e9 aux pr\u00e9sentes par r\u00e9f\u00e9rence, l\u2019\u00c9diteur se r\u00e9serve le droit de mettre fin ou restreindre sans aucun avertissement pr\u00e9alable et \u00e0 sa seule discr\u00e9tion, votre usage et acc\u00e8s aux services.<\/p>\n<h3>Modification des CGU et de la politique de confidentialit\u00e9<\/h3>\n<p>En cas de modification des pr\u00e9sentes CGU, engagement de ne pas baisser le niveau de confidentialit\u00e9 de mani\u00e8re substantielle sans l\u2019information pr\u00e9alable des personnes concern\u00e9es. Nous nous engageons \u00e0 vous informer en cas de modification substantielle des pr\u00e9sentes CGU, et \u00e0 ne pas baisser le niveau de confidentialit\u00e9 de vos donn\u00e9es de mani\u00e8re substantielle sans vous en informer et obtenir votre consentement.<\/p>\n<h3>L\u00e9gislation<\/h3>\n<p>Nous nous engageons \u00e0 respecter les dispositions l\u00e9gislatives \u00e9nonc\u00e9es dans : Loi 78-17 du 6 janvier 1978 modifi\u00e9e Photographies et repr\u00e9sentation des produits qui pourraient \u00eatre propos\u00e9s. Les photographies de produits, accompagnant leur description, ne sont pas contractuelles et n\u2019engagent pas l\u2019\u00e9diteur.<\/p>\n<h3>Loi applicable<\/h3>\n<p>Les pr\u00e9sentes conditions d\u2019utilisation du site sont r\u00e9gies par la loi fran\u00e7aise et soumises \u00e0 la comp\u00e9tence des tribunaux du si\u00e8ge social de l\u2019\u00e9diteur, sous r\u00e9serve d\u2019une attribution de comp\u00e9tence sp\u00e9cifique d\u00e9coulant d\u2019un texte de loi ou r\u00e9glementaire particulier.<\/p>\n<h3>Contactez-nous<\/h3>\n<p>Pour toute question, information sur les produits pr\u00e9sent\u00e9s sur le site, ou concernant le site lui-m\u00eame, vous pouvez laisser un message \u00e0 l&#8217;adresse suivante : <a href=\"&#x6d;&#x61;&#105;&#108;&#116;o&#x3a;&#x63;&#x6f;&#110;&#116;ac&#x74;&#x40;&#x67;&#105;&#116;e&#x68;&#x61;&#x67;&#117;&#101;&#46;f&#x72;\">c&#111;&#x6e;&#x74;a&#99;&#x74;&#x40;g&#105;&#x74;&#x65;h&#97;&#x67;&#x75;e&#46;&#x66;&#x72;<\/a><\/p>\n<p><em>Date : Le 27 Mars 2019<\/em><\/p>\n","protected":false},"excerpt":{"rendered":"<p>Conditions G\u00e9n\u00e9rales d\u2019Utilisation et Politique de confidentialit\u00e9 Introduction Devant le d\u00e9veloppement des nouveaux outils de communication, il est n\u00e9cessaire de porter une attention particuli\u00e8re \u00e0 la protection de la vie priv\u00e9e. C\u2019est pourquoi, nous nous engageons \u00e0 respecter la confidentialit\u00e9 des renseignements personnels que nous collectons. Pour toute information compl\u00e9mentaire sur la protection des donn\u00e9es personnelles, nous vous invitons \u00e0 consulter le site : https:\/\/www.cnil.fr\/ La poursuite de la navigation sur ce site vaut acceptation sans r\u00e9serve des dispositions et conditions d&#8217;utilisation qui suivent. Vous acceptez l&#8217;utilisation de cookies et autres traceurs. En cas de refus, veuillez cliquer sur le <\/p>\n","protected":false},"author":2,"featured_media":0,"parent":0,"menu_order":0,"comment_status":"closed","ping_status":"closed","template":"","meta":{"footnotes":""},"class_list":["post-3774","page","type-page","status-publish","hentry"],"yoast_head":"<!-- This site is optimized with the Yoast SEO plugin v27.2 - https:\/\/yoast.com\/product\/yoast-seo-wordpress\/ -->\n<title>Privacy policy - G\u00eete Hague<\/title>\n<meta name=\"robots\" content=\"index, follow, max-snippet:-1, max-image-preview:large, max-video-preview:-1\" \/>\n<link rel=\"canonical\" href=\"https:\/\/www.gitehague.fr\/en\/privacy-policy\/\" \/>\n<meta property=\"og:locale\" content=\"en_US\" \/>\n<meta property=\"og:type\" content=\"article\" \/>\n<meta property=\"og:title\" content=\"Privacy policy - G\u00eete Hague\" \/>\n<meta property=\"og:description\" content=\"Conditions G\u00e9n\u00e9rales d\u2019Utilisation et Politique de confidentialit\u00e9 Introduction Devant le d\u00e9veloppement des nouveaux outils de communication, il est n\u00e9cessaire de porter une attention particuli\u00e8re \u00e0 la protection de la vie priv\u00e9e. C\u2019est pourquoi, nous nous engageons \u00e0 respecter la confidentialit\u00e9 des renseignements personnels que nous collectons. Pour toute information compl\u00e9mentaire sur la protection des donn\u00e9es personnelles, nous vous invitons \u00e0 consulter le site : https:\/\/www.cnil.fr\/ La poursuite de la navigation sur ce site vaut acceptation sans r\u00e9serve des dispositions et conditions d&#8217;utilisation qui suivent. Vous acceptez l&#8217;utilisation de cookies et autres traceurs. En cas de refus, veuillez cliquer sur le\" \/>\n<meta property=\"og:url\" content=\"https:\/\/www.gitehague.fr\/en\/privacy-policy\/\" \/>\n<meta property=\"og:site_name\" content=\"G\u00eete Hague\" \/>\n<meta property=\"article:modified_time\" content=\"2023-07-27T20:58:17+00:00\" \/>\n<meta name=\"twitter:card\" content=\"summary_large_image\" \/>\n<meta name=\"twitter:label1\" content=\"Est. reading time\" \/>\n\t<meta name=\"twitter:data1\" content=\"7 minutes\" \/>\n<script type=\"application\/ld+json\" class=\"yoast-schema-graph\">{\"@context\":\"https:\/\/schema.org\",\"@graph\":[{\"@type\":\"WebPage\",\"@id\":\"https:\/\/www.gitehague.fr\/en\/privacy-policy\/\",\"url\":\"https:\/\/www.gitehague.fr\/en\/privacy-policy\/\",\"name\":\"Privacy policy - G\u00eete Hague\",\"isPartOf\":{\"@id\":\"https:\/\/www.gitehague.fr\/#website\"},\"datePublished\":\"2023-07-27T20:55:03+00:00\",\"dateModified\":\"2023-07-27T20:58:17+00:00\",\"breadcrumb\":{\"@id\":\"https:\/\/www.gitehague.fr\/en\/privacy-policy\/#breadcrumb\"},\"inLanguage\":\"en-US\",\"potentialAction\":[{\"@type\":\"ReadAction\",\"target\":[\"https:\/\/www.gitehague.fr\/en\/privacy-policy\/\"]}]},{\"@type\":\"BreadcrumbList\",\"@id\":\"https:\/\/www.gitehague.fr\/en\/privacy-policy\/#breadcrumb\",\"itemListElement\":[{\"@type\":\"ListItem\",\"position\":1,\"name\":\"Accueil\",\"item\":\"https:\/\/www.gitehague.fr\/en\/\"},{\"@type\":\"ListItem\",\"position\":2,\"name\":\"Privacy policy\"}]},{\"@type\":\"WebSite\",\"@id\":\"https:\/\/www.gitehague.fr\/#website\",\"url\":\"https:\/\/www.gitehague.fr\/\",\"name\":\"G\u00eete Hague\",\"description\":\"Chambres d\u2019h\u00f4tes et G\u00eetes au Bout du Monde\",\"potentialAction\":[{\"@type\":\"SearchAction\",\"target\":{\"@type\":\"EntryPoint\",\"urlTemplate\":\"https:\/\/www.gitehague.fr\/?s={search_term_string}\"},\"query-input\":{\"@type\":\"PropertyValueSpecification\",\"valueRequired\":true,\"valueName\":\"search_term_string\"}}],\"inLanguage\":\"en-US\"}]}<\/script>\n<!-- \/ Yoast SEO plugin. -->","yoast_head_json":{"title":"Privacy policy - G\u00eete Hague","robots":{"index":"index","follow":"follow","max-snippet":"max-snippet:-1","max-image-preview":"max-image-preview:large","max-video-preview":"max-video-preview:-1"},"canonical":"https:\/\/www.gitehague.fr\/en\/privacy-policy\/","og_locale":"en_US","og_type":"article","og_title":"Privacy policy - G\u00eete Hague","og_description":"Conditions G\u00e9n\u00e9rales d\u2019Utilisation et Politique de confidentialit\u00e9 Introduction Devant le d\u00e9veloppement des nouveaux outils de communication, il est n\u00e9cessaire de porter une attention particuli\u00e8re \u00e0 la protection de la vie priv\u00e9e. C\u2019est pourquoi, nous nous engageons \u00e0 respecter la confidentialit\u00e9 des renseignements personnels que nous collectons. Pour toute information compl\u00e9mentaire sur la protection des donn\u00e9es personnelles, nous vous invitons \u00e0 consulter le site : https:\/\/www.cnil.fr\/ La poursuite de la navigation sur ce site vaut acceptation sans r\u00e9serve des dispositions et conditions d&#8217;utilisation qui suivent. Vous acceptez l&#8217;utilisation de cookies et autres traceurs. En cas de refus, veuillez cliquer sur le","og_url":"https:\/\/www.gitehague.fr\/en\/privacy-policy\/","og_site_name":"G\u00eete Hague","article_modified_time":"2023-07-27T20:58:17+00:00","twitter_card":"summary_large_image","twitter_misc":{"Est. reading time":"7 minutes"},"schema":{"@context":"https:\/\/schema.org","@graph":[{"@type":"WebPage","@id":"https:\/\/www.gitehague.fr\/en\/privacy-policy\/","url":"https:\/\/www.gitehague.fr\/en\/privacy-policy\/","name":"Privacy policy - G\u00eete Hague","isPartOf":{"@id":"https:\/\/www.gitehague.fr\/#website"},"datePublished":"2023-07-27T20:55:03+00:00","dateModified":"2023-07-27T20:58:17+00:00","breadcrumb":{"@id":"https:\/\/www.gitehague.fr\/en\/privacy-policy\/#breadcrumb"},"inLanguage":"en-US","potentialAction":[{"@type":"ReadAction","target":["https:\/\/www.gitehague.fr\/en\/privacy-policy\/"]}]},{"@type":"BreadcrumbList","@id":"https:\/\/www.gitehague.fr\/en\/privacy-policy\/#breadcrumb","itemListElement":[{"@type":"ListItem","position":1,"name":"Accueil","item":"https:\/\/www.gitehague.fr\/en\/"},{"@type":"ListItem","position":2,"name":"Privacy policy"}]},{"@type":"WebSite","@id":"https:\/\/www.gitehague.fr\/#website","url":"https:\/\/www.gitehague.fr\/","name":"G\u00eete Hague","description":"Chambres d\u2019h\u00f4tes et G\u00eetes au Bout du Monde","potentialAction":[{"@type":"SearchAction","target":{"@type":"EntryPoint","urlTemplate":"https:\/\/www.gitehague.fr\/?s={search_term_string}"},"query-input":{"@type":"PropertyValueSpecification","valueRequired":true,"valueName":"search_term_string"}}],"inLanguage":"en-US"}]}},"_links":{"self":[{"href":"https:\/\/www.gitehague.fr\/en\/wp-json\/wp\/v2\/pages\/3774","targetHints":{"allow":["GET"]}}],"collection":[{"href":"https:\/\/www.gitehague.fr\/en\/wp-json\/wp\/v2\/pages"}],"about":[{"href":"https:\/\/www.gitehague.fr\/en\/wp-json\/wp\/v2\/types\/page"}],"author":[{"embeddable":true,"href":"https:\/\/www.gitehague.fr\/en\/wp-json\/wp\/v2\/users\/2"}],"replies":[{"embeddable":true,"href":"https:\/\/www.gitehague.fr\/en\/wp-json\/wp\/v2\/comments?post=3774"}],"version-history":[{"count":0,"href":"https:\/\/www.gitehague.fr\/en\/wp-json\/wp\/v2\/pages\/3774\/revisions"}],"wp:attachment":[{"href":"https:\/\/www.gitehague.fr\/en\/wp-json\/wp\/v2\/media?parent=3774"}],"curies":[{"name":"wp","href":"https:\/\/api.w.org\/{rel}","templated":true}]}}