{"id":3749,"date":"2023-07-27T22:21:51","date_gmt":"2023-07-27T20:21:51","guid":{"rendered":"https:\/\/www.gitehague.fr\/gite\/"},"modified":"2023-08-24T13:24:44","modified_gmt":"2023-08-24T11:24:44","slug":"gite-normandy","status":"publish","type":"page","link":"https:\/\/www.gitehague.fr\/en\/gite-normandy\/","title":{"rendered":"Gite 3 \u00e9pis with G\u00eetes de France in La Hague in Normandy"},"content":{"rendered":"<div class=\"wpb-content-wrapper\"><p>[vc_row][vc_column width=&#8221;2\/3&#8243;][vc_column_text css_animation=&#8221;fadeIn&#8221;]In a privileged location, you will easily discover the Pointe du Cotentin. Our local stone gite du Cap, which is attached to our house, is classified 3 <em>\u00e9pis<\/em> by <em>G\u00eetes de France<\/em>.<\/p>\n<p>Comfortably equipped to accommodate up to 8 people, our 170m2 rental property is ideal for holidays with family or friends.<\/p>\n<p>You will have a private parking space available so that you can park your vehicle.<\/p>\n<p>For the well-being of all, pets are not allowed in the gite.<\/p>\n<p>On the ground floor, a fitted kitchen (induction hob with electric oven, microwave, dishwasher, fridge, freezer, electric coffee maker, Senseo capsule coffee maker, kettle, toaster, raclette set for 8 people) will let you cook as you wish.<\/p>\n<p>Its spacious room with a beautiful large table is awaiting you to share your meals. A table football game is available for playing with family or friends in all weathers.<\/p>\n<p>The lounge with a fireplace (wood-burner) will be the perfect place to your moments of relax and conviviality.<\/p>\n<p>To enjoy of every moment of your stay at its most, there is a lovely, covered terrace facing south with stone barbecue, teak garden furniture, sun loungers and a fenced lawn.[\/vc_column_text][vc_btn title=&#8221;Booking&#8221; style=&#8221;flat&#8221; shape=&#8221;square&#8221; color=&#8221;warning&#8221; css_animation=&#8221;fadeIn&#8221; link=&#8221;url:https%3A%2F%2Fwww.gitehague.fr%2Fen%2Freservation%2F|title:La%20Maison%20du%20P%C3%AAcheur||&#8221;][\/vc_column][vc_column width=&#8221;1\/3&#8243;][vc_single_image image=&#8221;3671&#8243; img_size=&#8221;full&#8221; alignment=&#8221;center&#8221; style=&#8221;vc_box_shadow_border&#8221; onclick=&#8221;link_image&#8221; css_animation=&#8221;fadeIn&#8221;][vc_single_image image=&#8221;3652&#8243; img_size=&#8221;full&#8221; alignment=&#8221;center&#8221; style=&#8221;vc_box_shadow_border&#8221; onclick=&#8221;link_image&#8221; css_animation=&#8221;fadeIn&#8221;][\/vc_column][\/vc_row][vc_row][vc_column][vc_empty_space][\/vc_column][\/vc_row][vc_row][vc_column][vc_column_text]<\/p>\n<h2>Calendar<\/h2>\n<p><iframe loading=\"lazy\" style=\"border-width: 0;\" src=\"https:\/\/calendar.google.com\/calendar\/embed?height=600&amp;wkst=7&amp;bgcolor=%23ffffff&amp;ctz=Europe%2FParis&amp;src=NGIzMjdiMGViYWUzZDIxZWUxMjFkZjA3NDMyMGNmM2YzYmRhMGMyNmY0OGI0NmRjYzhjYjRkNzFmMDM2ZWE4M0Bncm91cC5jYWxlbmRhci5nb29nbGUuY29t&amp;color=%234285F4\" width=\"100%\" height=\"600\" frameborder=\"0\" scrolling=\"no\"><\/iframe>[\/vc_column_text][\/vc_column][\/vc_row][vc_row full_width=&#8221;stretch_row_content_no_spaces&#8221;][vc_column][vc_media_grid element_width=&#8221;2&#8243; grid_id=&#8221;vc_gid:1692876225930-88760b87-f3c4-2&#8243; include=&#8221;3668,3666,3667,3671,3670,3682&#8243;][\/vc_column][\/vc_row][vc_row][vc_column][vc_column_text]<\/p>\n<h2>1st floor:<\/h2>\n<p>The simple and practical four bedrooms are equipped with quality bedding, and each has its own private bathroom with shower, sink, and a toilet. You will find at your disposal two bedrooms with 180&#215;200 double beds and two bedrooms with two single beds. (It is possible to separate the double beds into two single beds).<\/p>\n<p>The central heating included in the rental price will ensure you have a pleasant stay. You will also benefit from free Wi-Fi access and a telephone<br \/>\n(only for calls to landline phone in France and for receiving calls).<\/p>\n<p>[\/vc_column_text][\/vc_column][\/vc_row][vc_row][vc_column][vc_column_text css_animation=&#8221;fadeIn&#8221;]<\/p>\n<h3 style=\"text-align: center;\">Accessories available<\/h3>\n<p>[\/vc_column_text][vc_separator style=&#8221;shadow&#8221; border_width=&#8221;10&#8243;][vc_row_inner css=&#8221;.vc_custom_1556562047869{margin-bottom: 0px !important;padding-bottom: 0px !important;}&#8221;][vc_column_inner width=&#8221;1\/2&#8243;][vc_column_text css_animation=&#8221;fadeIn&#8221; css=&#8221;.vc_custom_1690474137585{margin-bottom: 0px !important;padding-bottom: 10px !important;}&#8221;]<\/p>\n<ul>\n<li>Ironing board and iron<\/li>\n<li>Washing machines &amp; tumble dryer<\/li>\n<li>Hoover<\/li>\n<li>Hair dryer<\/li>\n<li>Beds have bedcovers and pillows.<\/li>\n<\/ul>\n<p>[\/vc_column_text][\/vc_column_inner][vc_column_inner width=&#8221;1\/2&#8243;][vc_column_text css_animation=&#8221;fadeIn&#8221; css=&#8221;.vc_custom_1690474142919{margin-bottom: 0px !important;padding-bottom: 10px !important;}&#8221;]<\/p>\n<ul>\n<li>Closed bicycle storage<\/li>\n<li>Childcare equipment: a folding wooden baby&#8217;s cot, a highchair, a potty, a toilet seat reducer, a children&#8217;s bathtub, a bath ring, a stool, and a child safety gate at the staircase on the 1st floor.<\/li>\n<\/ul>\n<p>[\/vc_column_text][\/vc_column_inner][\/vc_row_inner][vc_separator style=&#8221;shadow&#8221; border_width=&#8221;10&#8243;][\/vc_column][\/vc_row][vc_row][vc_column width=&#8221;2\/3&#8243;][vc_column_text css_animation=&#8221;fadeIn&#8221;]<\/p>\n<h3>Rates<\/h3>\n<p>From Saturday 4.30pm to the following Saturday 10am.<br \/>\nThe cost of central heating is included in our rates<\/p>\n<ul>\n<li>Very High Season and High season: from 800\u20ac to 680\u20ac<\/li>\n<li>Mid-season and Intermediate season: from 570\u20ac to 600\u20ac<\/li>\n<li>Very low season and Low season: 530\u20ac<\/li>\n<li>Other options (excluding school holidays): Weekend (2 days \/ 2 nights): 350 \u20ac + Tourist tax at the current rate on 01\/01\/2023: 0.85\u20ac\/night\/adult<\/li>\n<\/ul>\n<p>+Taxe de s\u00e9jour au tarif en vigueur au 01\/01\/23 soit 0,85\u20ac\/nuit\/adulte<\/p>\n<p><strong>Attention :<\/strong> Si le nombre d\u2019occupants d\u00e9passe la capacit\u00e9 d\u2019accueil, le propri\u00e9taire peut refuser les clients suppl\u00e9mentaires ou vous demander un suppl\u00e9ment de prix.[\/vc_column_text][vc_column_text css_animation=&#8221;fadeIn&#8221;]<\/p>\n<h3>Additional services available:<\/h3>\n<ul>\n<li>Sheet hire per bed: 13\u20ac<\/li>\n<li>Hire of household linen and towels per person: 6\u20ac<\/li>\n<li>End-of-stay cleaning service: 90\u20ac<\/li>\n<\/ul>\n<p>[\/vc_column_text][\/vc_column][vc_column width=&#8221;1\/3&#8243;][vc_single_image image=&#8221;3664&#8243; img_size=&#8221;400&#215;550&#8243; alignment=&#8221;center&#8221; style=&#8221;vc_box_shadow_border&#8221;][\/vc_column][\/vc_row][vc_row][vc_column][vc_column_text css_animation=&#8221;fadeIn&#8221;]<\/p>\n<h3>Contact and booking<\/h3>\n<p><img loading=\"lazy\" decoding=\"async\" class=\"alignright size-thumbnail wp-image-133\" src=\"https:\/\/www.gitehague.fr\/wp-content\/uploads\/2019\/05\/logo-gite-de-france-150x150.jpg\" alt=\"\" width=\"150\" height=\"150\" srcset=\"https:\/\/www.gitehague.fr\/wp-content\/uploads\/2019\/05\/logo-gite-de-france-150x150.jpg 150w, https:\/\/www.gitehague.fr\/wp-content\/uploads\/2019\/05\/logo-gite-de-france.jpg 349w\" sizes=\"auto, (max-width: 150px) 100vw, 150px\" \/><\/p>\n<p>If you prefer to book directly with the owner (and avoid service charges), you can reach us on 02 33 01 56 39 or by mail <a href=\"&#109;&#97;&#x69;&#x6c;&#116;&#111;&#x3a;&#x63;&#111;&#110;&#x74;&#x61;&#99;&#116;&#x40;&#x67;&#105;&#116;&#x65;&#x68;&#97;&#103;&#x75;&#x65;&#46;&#102;&#x72;\"><strong>&#x63;&#x6f;&#x6e;&#116;&#97;ct&#x40;&#x67;&#x69;&#116;&#101;ha&#x67;&#x75;&#x65;&#46;&#102;r<\/strong><\/a><\/p>\n<p>You can also book online by visiting the Central Reservations Office: <a href=\"http:\/\/www.gite-de-france-manche.com\" target=\"_blank\" rel=\"noopener noreferrer\">www.gite-de-france-manche.com<\/a>[\/vc_column_text][vc_btn title=&#8221;Gite schedule &#8211; G\u00eetes de France&#8221; style=&#8221;flat&#8221; shape=&#8221;square&#8221; color=&#8221;info&#8221; align=&#8221;left&#8221; css_animation=&#8221;fadeIn&#8221; link=&#8221;url:https%3A%2F%2Fwww.gites-de-france-manche.com%2Flocation-vacances-Gite-a-Auderville-Manche-50G533.html||target:%20_blank|&#8221;][\/vc_column][\/vc_row][vc_row][vc_column][vc_separator style=&#8221;shadow&#8221; border_width=&#8221;10&#8243;][\/vc_column][\/vc_row][vc_row][vc_column][vc_column_text css_animation=&#8221;fadeIn&#8221;]<\/p>\n<h3 style=\"text-align: center;\">Paroles de vacanciers<\/h3>\n<p>[\/vc_column_text]<div id=\"ult-carousel-177828862569fc8b7197c56\" class=\"ult-carousel-wrapper   ult_horizontal\" data-gutter=\"15\" data-rtl=\"false\" ><div class=\"ult-carousel-75172105069fc8b7197b16 \" >[vc_column_text]<\/p>\n<p style=\"text-align: center;\"><em>&#8220;L&#8217;accueil de Delphine est top et personnalis\u00e9. Grand beau g\u00eete tout \u00e9quip\u00e9 et beau jardin abrit\u00e9. 3 g\u00e9n\u00e9rations sur place, et on a tous ador\u00e9 notre s\u00e9jour.&#8221;<\/em><\/p>\n<p style=\"text-align: center;\">Adeline<\/p>\n<p>[\/vc_column_text][vc_column_text]<\/p>\n<p style=\"text-align: center;\"><em>&#8220;superbe s\u00e9jour . tr\u00e8s beau gite tr\u00e8s bien \u00e9quip\u00e9 accueil tr\u00e8s agr\u00e9able de la propri\u00e9taire. Tr\u00e8s belle r\u00e9gion.\u00a0 A bient\u00f4t&#8221;<\/em><\/p>\n<p style=\"text-align: center;\">Nini<\/p>\n<p>[\/vc_column_text][vc_column_text]<\/p>\n<p style=\"text-align: center;\"><em>&#8220;Des paysages magnifiques, authentiques. De belles d\u00e9couvertes, le Tourp, la maison de Pr\u00e9vert. Nous avons beaucoup aim\u00e9.&#8221;<\/em><\/p>\n<p style=\"text-align: center;\">Les amoureux de la Hague<\/p>\n<p>[\/vc_column_text][vc_column_text]<\/p>\n<p style=\"text-align: center;\"><em>&#8220;Une tr\u00e8s belle d\u00e9couverte de ce coin de France injustement m\u00e9connu ,aid\u00e9e en cela par une h\u00f4tesse charmante et un g\u00eete tr\u00e8s agr\u00e9able.&#8221;<\/em><\/p>\n<p style=\"text-align: center;\">AMB<\/p>\n<p>[\/vc_column_text][vc_column_text]<\/p>\n<p style=\"text-align: center;\"><em>&#8220;Agr\u00e9able s\u00e9jour au sein de ce gite, confortable, propre et de bonne qualit\u00e9. Adapt\u00e9 au enfants et proche de la mer.&#8221;<\/em><\/p>\n<p style=\"text-align: center;\">Groupe dauphin<\/p>\n<p>[\/vc_column_text]<\/div><\/div>\t\t\t<script type=\"text\/javascript\">\r\n\t\t\t\tjQuery(document).ready(function ($) {\r\n\t\t\t\t\tif( typeof jQuery('.ult-carousel-75172105069fc8b7197b16').slick == \"function\"){\r\n\t\t\t\t\t\t$('.ult-carousel-75172105069fc8b7197b16').slick({dots: true,autoplay: true,autoplaySpeed: 5000,speed: 300,infinite: true,arrows: true,nextArrow: '<button type=\"button\" role=\"button\" aria-label=\"Next\" style=\"color:#333333; font-size:20px;\" class=\"slick-next default\"><i class=\"ultsl-arrow-right4\"><\/i><\/button>',prevArrow: '<button type=\"button\" role=\"button\" aria-label=\"Previous\" style=\"color:#333333; font-size:20px;\" class=\"slick-prev default\"><i class=\"ultsl-arrow-left4\"><\/i><\/button>',slidesToScroll:1,slidesToShow:1,swipe: true,draggable: true,touchMove: true,pauseOnHover: true,pauseOnFocus: false,responsive: [\r\n\t\t\t\t\t\t\t{\r\n\t\t\t\t\t\t\t  breakpoint: 1025,\r\n\t\t\t\t\t\t\t  settings: {\r\n\t\t\t\t\t\t\t\tslidesToShow: 1,\r\n\t\t\t\t\t\t\t\tslidesToScroll: 1,  \r\n\t\t\t\t\t\t\t  }\r\n\t\t\t\t\t\t\t},\r\n\t\t\t\t\t\t\t{\r\n\t\t\t\t\t\t\t  breakpoint: 769,\r\n\t\t\t\t\t\t\t  settings: {\r\n\t\t\t\t\t\t\t\tslidesToShow: 1,\r\n\t\t\t\t\t\t\t\tslidesToScroll: 1\r\n\t\t\t\t\t\t\t  }\r\n\t\t\t\t\t\t\t},\r\n\t\t\t\t\t\t\t{\r\n\t\t\t\t\t\t\t  breakpoint: 481,\r\n\t\t\t\t\t\t\t  settings: {\r\n\t\t\t\t\t\t\t\tslidesToShow: 1,\r\n\t\t\t\t\t\t\t\tslidesToScroll: 1\r\n\t\t\t\t\t\t\t  }\r\n\t\t\t\t\t\t\t}\r\n\t\t\t\t\t\t],pauseOnDotsHover: true,customPaging: function(slider, i) {\r\n                   return '<i type=\"button\" style= \"color:#333333;\" class=\"ultsl-record\" data-role=\"none\"><\/i>';\r\n                },});\r\n\t\t\t\t\t}\r\n\t\t\t\t});\r\n\t\t\t<\/script>\r\n\t\t\t[vc_btn title=&#8221;Retrouvez tous nos avis sur Gites de France&#8221; style=&#8221;flat&#8221; shape=&#8221;square&#8221; color=&#8221;info&#8221; align=&#8221;center&#8221; css_animation=&#8221;fadeIn&#8221; link=&#8221;url:https%3A%2F%2Fwww.gites-de-france-manche.com%2Flocation-vacances-Gite-a-Auderville-Manche-50G533.html||target:%20_blank|&#8221;][\/vc_column][\/vc_row]<\/p>\n<\/div>","protected":false},"excerpt":{"rendered":"<p>In a privileged location, you will easily discover the Pointe du Cotentin. Our local stone gite du Cap, which is attached to our house, is classified 3 \u00e9pis by G\u00eetes de France. Comfortably equipped to accommodate up to 8 people, our 170m2 rental property is ideal for holidays with family or friends. You will have a private parking space available so that you can park your vehicle. For the well-being of all, pets are not allowed in the gite. On the ground floor, a fitted kitchen (induction hob with electric oven, microwave, dishwasher, fridge, freezer, electric coffee maker, <\/p>\n","protected":false},"author":2,"featured_media":0,"parent":0,"menu_order":0,"comment_status":"closed","ping_status":"closed","template":"","meta":{"footnotes":""},"class_list":["post-3749","page","type-page","status-publish","hentry"],"yoast_head":"<!-- This site is optimized with the Yoast SEO plugin v27.2 - https:\/\/yoast.com\/product\/yoast-seo-wordpress\/ -->\n<title>Gite 3 \u00e9pis with G\u00eetes de France in La Hague in Normandy - G\u00eete Hague<\/title>\n<meta name=\"robots\" content=\"index, follow, max-snippet:-1, max-image-preview:large, max-video-preview:-1\" \/>\n<link rel=\"canonical\" href=\"https:\/\/www.gitehague.fr\/en\/gite-normandy\/\" \/>\n<meta property=\"og:locale\" content=\"en_US\" \/>\n<meta property=\"og:type\" content=\"article\" \/>\n<meta property=\"og:title\" content=\"Gite 3 \u00e9pis with G\u00eetes de France in La Hague in Normandy - G\u00eete Hague\" \/>\n<meta property=\"og:description\" content=\"In a privileged location, you will easily discover the Pointe du Cotentin. Our local stone gite du Cap, which is attached to our house, is classified 3 \u00e9pis by G\u00eetes de France. Comfortably equipped to accommodate up to 8 people, our 170m2 rental property is ideal for holidays with family or friends. You will have a private parking space available so that you can park your vehicle. For the well-being of all, pets are not allowed in the gite. On the ground floor, a fitted kitchen (induction hob with electric oven, microwave, dishwasher, fridge, freezer, electric coffee maker,\" \/>\n<meta property=\"og:url\" content=\"https:\/\/www.gitehague.fr\/en\/gite-normandy\/\" \/>\n<meta property=\"og:site_name\" content=\"G\u00eete Hague\" \/>\n<meta property=\"article:modified_time\" content=\"2023-08-24T11:24:44+00:00\" \/>\n<meta property=\"og:image\" content=\"https:\/\/www.gitehague.fr\/wp-content\/uploads\/2019\/05\/logo-gite-de-france-150x150.jpg\" \/>\n<meta name=\"twitter:card\" content=\"summary_large_image\" \/>\n<meta name=\"twitter:label1\" content=\"Est. reading time\" \/>\n\t<meta name=\"twitter:data1\" content=\"4 minutes\" \/>\n<script type=\"application\/ld+json\" class=\"yoast-schema-graph\">{\"@context\":\"https:\/\/schema.org\",\"@graph\":[{\"@type\":\"WebPage\",\"@id\":\"https:\/\/www.gitehague.fr\/en\/gite-normandy\/\",\"url\":\"https:\/\/www.gitehague.fr\/en\/gite-normandy\/\",\"name\":\"Gite 3 \u00e9pis with G\u00eetes de France in La Hague in Normandy - G\u00eete Hague\",\"isPartOf\":{\"@id\":\"https:\/\/www.gitehague.fr\/#website\"},\"primaryImageOfPage\":{\"@id\":\"https:\/\/www.gitehague.fr\/en\/gite-normandy\/#primaryimage\"},\"image\":{\"@id\":\"https:\/\/www.gitehague.fr\/en\/gite-normandy\/#primaryimage\"},\"thumbnailUrl\":\"https:\/\/www.gitehague.fr\/wp-content\/uploads\/2019\/05\/logo-gite-de-france-150x150.jpg\",\"datePublished\":\"2023-07-27T20:21:51+00:00\",\"dateModified\":\"2023-08-24T11:24:44+00:00\",\"breadcrumb\":{\"@id\":\"https:\/\/www.gitehague.fr\/en\/gite-normandy\/#breadcrumb\"},\"inLanguage\":\"en-US\",\"potentialAction\":[{\"@type\":\"ReadAction\",\"target\":[\"https:\/\/www.gitehague.fr\/en\/gite-normandy\/\"]}]},{\"@type\":\"ImageObject\",\"inLanguage\":\"en-US\",\"@id\":\"https:\/\/www.gitehague.fr\/en\/gite-normandy\/#primaryimage\",\"url\":\"https:\/\/www.gitehague.fr\/wp-content\/uploads\/2019\/05\/logo-gite-de-france-150x150.jpg\",\"contentUrl\":\"https:\/\/www.gitehague.fr\/wp-content\/uploads\/2019\/05\/logo-gite-de-france-150x150.jpg\"},{\"@type\":\"BreadcrumbList\",\"@id\":\"https:\/\/www.gitehague.fr\/en\/gite-normandy\/#breadcrumb\",\"itemListElement\":[{\"@type\":\"ListItem\",\"position\":1,\"name\":\"Accueil\",\"item\":\"https:\/\/www.gitehague.fr\/en\/\"},{\"@type\":\"ListItem\",\"position\":2,\"name\":\"Gite 3 \u00e9pis with G\u00eetes de France in La Hague in Normandy\"}]},{\"@type\":\"WebSite\",\"@id\":\"https:\/\/www.gitehague.fr\/#website\",\"url\":\"https:\/\/www.gitehague.fr\/\",\"name\":\"G\u00eete Hague\",\"description\":\"Chambres d\u2019h\u00f4tes et G\u00eetes au Bout du Monde\",\"potentialAction\":[{\"@type\":\"SearchAction\",\"target\":{\"@type\":\"EntryPoint\",\"urlTemplate\":\"https:\/\/www.gitehague.fr\/?s={search_term_string}\"},\"query-input\":{\"@type\":\"PropertyValueSpecification\",\"valueRequired\":true,\"valueName\":\"search_term_string\"}}],\"inLanguage\":\"en-US\"}]}<\/script>\n<!-- \/ Yoast SEO plugin. -->","yoast_head_json":{"title":"Gite 3 \u00e9pis with G\u00eetes de France in La Hague in Normandy - G\u00eete Hague","robots":{"index":"index","follow":"follow","max-snippet":"max-snippet:-1","max-image-preview":"max-image-preview:large","max-video-preview":"max-video-preview:-1"},"canonical":"https:\/\/www.gitehague.fr\/en\/gite-normandy\/","og_locale":"en_US","og_type":"article","og_title":"Gite 3 \u00e9pis with G\u00eetes de France in La Hague in Normandy - G\u00eete Hague","og_description":"In a privileged location, you will easily discover the Pointe du Cotentin. Our local stone gite du Cap, which is attached to our house, is classified 3 \u00e9pis by G\u00eetes de France. Comfortably equipped to accommodate up to 8 people, our 170m2 rental property is ideal for holidays with family or friends. You will have a private parking space available so that you can park your vehicle. For the well-being of all, pets are not allowed in the gite. On the ground floor, a fitted kitchen (induction hob with electric oven, microwave, dishwasher, fridge, freezer, electric coffee maker,","og_url":"https:\/\/www.gitehague.fr\/en\/gite-normandy\/","og_site_name":"G\u00eete Hague","article_modified_time":"2023-08-24T11:24:44+00:00","og_image":[{"url":"https:\/\/www.gitehague.fr\/wp-content\/uploads\/2019\/05\/logo-gite-de-france-150x150.jpg","type":"","width":"","height":""}],"twitter_card":"summary_large_image","twitter_misc":{"Est. reading time":"4 minutes"},"schema":{"@context":"https:\/\/schema.org","@graph":[{"@type":"WebPage","@id":"https:\/\/www.gitehague.fr\/en\/gite-normandy\/","url":"https:\/\/www.gitehague.fr\/en\/gite-normandy\/","name":"Gite 3 \u00e9pis with G\u00eetes de France in La Hague in Normandy - G\u00eete Hague","isPartOf":{"@id":"https:\/\/www.gitehague.fr\/#website"},"primaryImageOfPage":{"@id":"https:\/\/www.gitehague.fr\/en\/gite-normandy\/#primaryimage"},"image":{"@id":"https:\/\/www.gitehague.fr\/en\/gite-normandy\/#primaryimage"},"thumbnailUrl":"https:\/\/www.gitehague.fr\/wp-content\/uploads\/2019\/05\/logo-gite-de-france-150x150.jpg","datePublished":"2023-07-27T20:21:51+00:00","dateModified":"2023-08-24T11:24:44+00:00","breadcrumb":{"@id":"https:\/\/www.gitehague.fr\/en\/gite-normandy\/#breadcrumb"},"inLanguage":"en-US","potentialAction":[{"@type":"ReadAction","target":["https:\/\/www.gitehague.fr\/en\/gite-normandy\/"]}]},{"@type":"ImageObject","inLanguage":"en-US","@id":"https:\/\/www.gitehague.fr\/en\/gite-normandy\/#primaryimage","url":"https:\/\/www.gitehague.fr\/wp-content\/uploads\/2019\/05\/logo-gite-de-france-150x150.jpg","contentUrl":"https:\/\/www.gitehague.fr\/wp-content\/uploads\/2019\/05\/logo-gite-de-france-150x150.jpg"},{"@type":"BreadcrumbList","@id":"https:\/\/www.gitehague.fr\/en\/gite-normandy\/#breadcrumb","itemListElement":[{"@type":"ListItem","position":1,"name":"Accueil","item":"https:\/\/www.gitehague.fr\/en\/"},{"@type":"ListItem","position":2,"name":"Gite 3 \u00e9pis with G\u00eetes de France in La Hague in Normandy"}]},{"@type":"WebSite","@id":"https:\/\/www.gitehague.fr\/#website","url":"https:\/\/www.gitehague.fr\/","name":"G\u00eete Hague","description":"Chambres d\u2019h\u00f4tes et G\u00eetes au Bout du Monde","potentialAction":[{"@type":"SearchAction","target":{"@type":"EntryPoint","urlTemplate":"https:\/\/www.gitehague.fr\/?s={search_term_string}"},"query-input":{"@type":"PropertyValueSpecification","valueRequired":true,"valueName":"search_term_string"}}],"inLanguage":"en-US"}]}},"_links":{"self":[{"href":"https:\/\/www.gitehague.fr\/en\/wp-json\/wp\/v2\/pages\/3749","targetHints":{"allow":["GET"]}}],"collection":[{"href":"https:\/\/www.gitehague.fr\/en\/wp-json\/wp\/v2\/pages"}],"about":[{"href":"https:\/\/www.gitehague.fr\/en\/wp-json\/wp\/v2\/types\/page"}],"author":[{"embeddable":true,"href":"https:\/\/www.gitehague.fr\/en\/wp-json\/wp\/v2\/users\/2"}],"replies":[{"embeddable":true,"href":"https:\/\/www.gitehague.fr\/en\/wp-json\/wp\/v2\/comments?post=3749"}],"version-history":[{"count":0,"href":"https:\/\/www.gitehague.fr\/en\/wp-json\/wp\/v2\/pages\/3749\/revisions"}],"wp:attachment":[{"href":"https:\/\/www.gitehague.fr\/en\/wp-json\/wp\/v2\/media?parent=3749"}],"curies":[{"name":"wp","href":"https:\/\/api.w.org\/{rel}","templated":true}]}}