{"id":3744,"date":"2023-07-27T22:18:47","date_gmt":"2023-07-27T20:18:47","guid":{"rendered":"https:\/\/www.gitehague.fr\/chambres-hotes\/"},"modified":"2025-01-20T15:53:02","modified_gmt":"2025-01-20T14:53:02","slug":"bed-breakfast-hague-normandy","status":"publish","type":"page","link":"https:\/\/www.gitehague.fr\/en\/bed-breakfast-hague-normandy\/","title":{"rendered":"Bed &#038; Breakfast in La Hague in the Cotentin peninsula"},"content":{"rendered":"<div class=\"wpb-content-wrapper\"><p>[vc_row][vc_column width=&#8221;2\/3&#8243;][vc_column_text css_animation=&#8221;fadeIn&#8221;]Come and enjoy our 5 welcoming and quiet rooms. Their independent access as well as their private bathrooms will give you all the freedom you need for a pleasant stay in our region.<br \/>\n(Recommended by the Guide du Routard 2023)<\/p>\n<p>Our house is open all year round.<br \/>\nFor the well-being of all, pets are not allowed in the guest rooms.<\/p>\n<p>After a good night&#8217;s sleep, you can start the day enjoying a varied and copious breakfast composed of fresh food, fruit juice, jam, yoghurt, croissants, cereal, fruit compote, etc. It is included in the price of the night stay. Our breakfast will be served every morning in the breakfast room.<\/p>\n<p>You will also have a small lounge at your disposal where you can meet up with your friends or family. This area is equipped with a microwave, a kettle, and a fridge to make your stay easier and more enjoyable.<\/p>\n<p>You will have a private parking available so that you can park your vehicle.<br \/>\nFor our guests cycling around the area, our secure storage area will accommodate your bicycles.<\/p>\n<p>Close to our B&amp;B, you will find various restaurants. Delphine will be able to help you in your search, with advice on restaurants, walking tours, hiking trails, visits, etc. (IGN maps and various hiking trails available).<\/p>\n<p>We can also provide picnics for your excursions (on demand).[\/vc_column_text][vc_btn title=&#8221;Booking&#8221; style=&#8221;flat&#8221; shape=&#8221;square&#8221; color=&#8221;warning&#8221; css_animation=&#8221;fadeIn&#8221; link=&#8221;url:https%3A%2F%2Fgitehague.amenitiz.io%2Ffr%2Fbooking%2Froom%23DatesGuests-BE|title:Booking||&#8221;][\/vc_column][vc_column width=&#8221;1\/3&#8243;][vc_single_image image=&#8221;3682&#8243; img_size=&#8221;550&#215;380&#8243; alignment=&#8221;center&#8221; style=&#8221;vc_box_shadow_border&#8221;][vc_single_image image=&#8221;3656&#8243; img_size=&#8221;550&#215;380&#8243; alignment=&#8221;center&#8221; style=&#8221;vc_box_shadow_border&#8221;][\/vc_column][\/vc_row][vc_row][vc_column][vc_column_text css_animation=&#8221;fadeIn&#8221;]<\/p>\n<h2 style=\"text-align: center;\">Our rooms \u2013 C\u00f4t\u00e9 Jardin (Garden view)<\/h2>\n<p>The two &#8220;C\u00f4t\u00e9 Jardin&#8221; rooms each have their own private entrance giving access to the garden exclusively reserved for them. They are ideal for families o stays with friends.<\/p>\n<p>Outside, you can relax on sun loungers available in the garden.[\/vc_column_text][vc_row_inner][vc_column_inner width=&#8221;1\/2&#8243;][vc_single_image image=&#8221;3680&#8243; img_size=&#8221;full&#8221; alignment=&#8221;center&#8221; style=&#8221;vc_box_shadow_border&#8221; onclick=&#8221;link_image&#8221;][vc_column_text css_animation=&#8221;fadeIn&#8221;]<\/p>\n<h3>L\u2019Alliance<\/h3>\n<p>It is a spacious room with a 160&#215;200 premium quality bed. A large double-gazed French window makes it very bright. The recently renewed bathroom is fitted with a walk-in-shower and a toilet. There is a hairdryer, a wardrobe, and Wi-Fi access.[\/vc_column_text][vc_separator style=&#8221;shadow&#8221; border_width=&#8221;10&#8243;][\/vc_column_inner][vc_column_inner width=&#8221;1\/2&#8243;][vc_single_image image=&#8221;3681&#8243; img_size=&#8221;full&#8221; alignment=&#8221;center&#8221; style=&#8221;vc_box_shadow_border&#8221; onclick=&#8221;link_image&#8221;][vc_column_text css_animation=&#8221;fadeIn&#8221;]<\/p>\n<h3>La Lis\u00e9e<\/h3>\n<p>Equipped with two single high comfort beds in a spacious and bright area, it has a bathroom (renewed this year) with a walk-in-shower and a toilet. There is a hairdryer, a wardrobe, and free Wi-Fi access.[\/vc_column_text][vc_separator style=&#8221;shadow&#8221; border_width=&#8221;10&#8243;][\/vc_column_inner][\/vc_row_inner][\/vc_column][\/vc_row][vc_row][vc_column][vc_media_grid grid_id=&#8221;vc_gid:1737384761516-652358fa-239b-1&#8243; include=&#8221;3684,3682,3688&#8243;][vc_separator style=&#8221;shadow&#8221; border_width=&#8221;10&#8243;][\/vc_column][\/vc_row][vc_row][vc_column][vc_column_text css_animation=&#8221;fadeIn&#8221;]<\/p>\n<h2 style=\"text-align: center;\">Our rooms \u2013 C\u00f4t\u00e9 Maison (Home view)<\/h2>\n<p>Our three other rooms &#8220;La Plate\u201d, \u201cGreniquet&#8221; and &#8220;Les Br\u00e9quets&#8221; are located on the second floor of our house and have an independent access. They are served by a wide blue stone stairs typical of La Hague area. (You will be able to come and go as you like)[\/vc_column_text][vc_row_inner][vc_column_inner width=&#8221;1\/3&#8243;][vc_single_image image=&#8221;3679&#8243; img_size=&#8221;1000&#215;666&#8243; alignment=&#8221;center&#8221; style=&#8221;vc_box_shadow_border&#8221; onclick=&#8221;link_image&#8221;][vc_column_text css_animation=&#8221;fadeIn&#8221;]<\/p>\n<h3>La Plate<\/h3>\n<p>In a spacious and bright area, this entirely renewed room combines comfort and modernity and will let you have restful nights in quality bedding. It is equipped with a double bed (160&#215;200) and a single bed. The bathroom is fitted with a shower and a toilet. There is a wardrobe and free Wi-Fi access.[\/vc_column_text][vc_separator style=&#8221;shadow&#8221; border_width=&#8221;10&#8243;][\/vc_column_inner][vc_column_inner width=&#8221;1\/3&#8243;][vc_single_image image=&#8221;3697&#8243; img_size=&#8221;1000&#215;666&#8243; alignment=&#8221;center&#8221; style=&#8221;vc_box_shadow_border&#8221; onclick=&#8221;link_image&#8221;][vc_column_text css_animation=&#8221;fadeIn&#8221;]<\/p>\n<h3>Greniquet<\/h3>\n<p>Fitted with premium quality beds, this bright room has a 160&#215;200 double bed and the bathroom has a shower and a toilet. There is a wardrobe and free Wi-Fi access.<br \/>\nYou will also be able to see the countryside with cows and sheep and the sea far away.[\/vc_column_text][vc_separator style=&#8221;shadow&#8221; border_width=&#8221;10&#8243;][\/vc_column_inner][vc_column_inner width=&#8221;1\/3&#8243;][vc_single_image image=&#8221;3698&#8243; img_size=&#8221;1000&#215;666&#8243; alignment=&#8221;center&#8221; style=&#8221;vc_box_shadow_border&#8221; onclick=&#8221;link_image&#8221;][vc_column_text css_animation=&#8221;fadeIn&#8221;]<\/p>\n<h3>Les Br\u00e9quets<\/h3>\n<p>This atypical room is fitted with a window and a Velux window and offers a quality bedding. It has a 160&#215;200 double bed and a single bed which is located on the first floor. (Ideal for a couple with another person)<br \/>\nThere is a bathroom with a shower and a toilet and free Wi-Fi access.[\/vc_column_text][vc_separator style=&#8221;shadow&#8221; border_width=&#8221;10&#8243;][\/vc_column_inner][\/vc_row_inner][\/vc_column][\/vc_row][vc_row][vc_column][vc_column_text css_animation=&#8221;fadeIn&#8221;]<\/p>\n<h2 style=\"text-align: center;\">Rates for 2023<\/h2>\n<p style=\"text-align: center;\">(Prices depend on the room and the number of people)<\/p>\n<table class=\" aligncenter\" width=\"0\">\n<tbody>\n<tr>\n<td width=\"251\"><\/td>\n<td width=\"72\">1 pers.<\/td>\n<td width=\"84\">2 pers.<\/td>\n<td width=\"120\">2 pers. (2 beds)<\/td>\n<td width=\"96\">3 pers.<\/td>\n<\/tr>\n<tr>\n<td width=\"251\">Room \u00ab C\u00f4t\u00e9 Jardin L\u2019Alliance \u00bb<\/td>\n<td width=\"72\">64 \u20ac<\/td>\n<td width=\"84\">72 \u20ac<\/td>\n<td width=\"120\"><\/td>\n<td width=\"96\"><\/td>\n<\/tr>\n<tr>\n<td width=\"251\">Room \u00ab C\u00f4t\u00e9 Jardin La Lis\u00e9e \u00bb<\/td>\n<td width=\"72\">64 \u20ac<\/td>\n<td width=\"84\"><\/td>\n<td width=\"120\">72 \u20ac<\/td>\n<td width=\"96\"><\/td>\n<\/tr>\n<tr>\n<td width=\"251\">Room \u00bbLa Plate \u00bb<\/td>\n<td width=\"72\">64 \u20ac<\/td>\n<td width=\"84\">72 \u20ac<\/td>\n<td width=\"120\">75 \u20ac<\/td>\n<td width=\"96\">87 \u20ac<\/td>\n<\/tr>\n<tr>\n<td width=\"251\">Room \u00ab Greniquet \u00bb<\/td>\n<td width=\"72\">59 \u20ac<\/td>\n<td width=\"84\">67 \u20ac<\/td>\n<td width=\"120\"><\/td>\n<td width=\"96\"><\/td>\n<\/tr>\n<tr>\n<td width=\"251\">Room \u00ab Les Br\u00e9quets \u00bb<\/td>\n<td width=\"72\">54 \u20ac<\/td>\n<td width=\"84\">62 \u20ac<\/td>\n<td width=\"120\">67 \u20ac<\/td>\n<td width=\"96\">75 \u20ac<\/td>\n<\/tr>\n<\/tbody>\n<\/table>\n<p style=\"text-align: center;\">Breakfast and daily service are included in the price.<br \/>\nTourist tax is extra at the current rate of 0,80\u20ac\/adult\/night.<\/p>\n<p style=\"text-align: center;\"><strong>Payment methods:<\/strong>\u00a0Credit card, cash, cheques, and holiday vouchers.<\/p>\n<p style=\"text-align: center;\">Arrival is from 4.30pm but it is possible to arrive earlier on request. Departure is at 10.30am.<\/p>\n<p>[\/vc_column_text][\/vc_column][\/vc_row][vc_row][vc_column][\/vc_column][\/vc_row]<\/p>\n<\/div>","protected":false},"excerpt":{"rendered":"<p>Come and enjoy our 5 welcoming and quiet rooms. Their independent access as well as their private bathrooms will give you all the freedom you need for a pleasant stay in our region. (Recommended by the Guide du Routard 2023) Our house is open all year round. For the well-being of all, pets are not allowed in the guest rooms. After a good night&#8217;s sleep, you can start the day enjoying a varied and copious breakfast composed of fresh food, fruit juice, jam, yoghurt, croissants, cereal, fruit compote, etc. It is included in the price of the night <\/p>\n","protected":false},"author":2,"featured_media":0,"parent":0,"menu_order":0,"comment_status":"closed","ping_status":"closed","template":"","meta":{"footnotes":""},"class_list":["post-3744","page","type-page","status-publish","hentry"],"yoast_head":"<!-- This site is optimized with the Yoast SEO plugin v27.2 - https:\/\/yoast.com\/product\/yoast-seo-wordpress\/ -->\n<title>Bed &amp; Breakfast in La Hague in the Cotentin peninsula - G\u00eete Hague<\/title>\n<meta name=\"robots\" content=\"index, follow, max-snippet:-1, max-image-preview:large, max-video-preview:-1\" \/>\n<link rel=\"canonical\" href=\"https:\/\/www.gitehague.fr\/en\/bed-breakfast-hague-normandy\/\" \/>\n<meta property=\"og:locale\" content=\"en_US\" \/>\n<meta property=\"og:type\" content=\"article\" \/>\n<meta property=\"og:title\" content=\"Bed &amp; Breakfast in La Hague in the Cotentin peninsula - G\u00eete Hague\" \/>\n<meta property=\"og:description\" content=\"Come and enjoy our 5 welcoming and quiet rooms. Their independent access as well as their private bathrooms will give you all the freedom you need for a pleasant stay in our region. (Recommended by the Guide du Routard 2023) Our house is open all year round. For the well-being of all, pets are not allowed in the guest rooms. After a good night&#8217;s sleep, you can start the day enjoying a varied and copious breakfast composed of fresh food, fruit juice, jam, yoghurt, croissants, cereal, fruit compote, etc. It is included in the price of the night\" \/>\n<meta property=\"og:url\" content=\"https:\/\/www.gitehague.fr\/en\/bed-breakfast-hague-normandy\/\" \/>\n<meta property=\"og:site_name\" content=\"G\u00eete Hague\" \/>\n<meta property=\"article:modified_time\" content=\"2025-01-20T14:53:02+00:00\" \/>\n<meta name=\"twitter:card\" content=\"summary_large_image\" \/>\n<meta name=\"twitter:label1\" content=\"Est. reading time\" \/>\n\t<meta name=\"twitter:data1\" content=\"4 minutes\" \/>\n<script type=\"application\/ld+json\" class=\"yoast-schema-graph\">{\"@context\":\"https:\/\/schema.org\",\"@graph\":[{\"@type\":\"WebPage\",\"@id\":\"https:\/\/www.gitehague.fr\/en\/bed-breakfast-hague-normandy\/\",\"url\":\"https:\/\/www.gitehague.fr\/en\/bed-breakfast-hague-normandy\/\",\"name\":\"Bed & Breakfast in La Hague in the Cotentin peninsula - G\u00eete Hague\",\"isPartOf\":{\"@id\":\"https:\/\/www.gitehague.fr\/#website\"},\"datePublished\":\"2023-07-27T20:18:47+00:00\",\"dateModified\":\"2025-01-20T14:53:02+00:00\",\"breadcrumb\":{\"@id\":\"https:\/\/www.gitehague.fr\/en\/bed-breakfast-hague-normandy\/#breadcrumb\"},\"inLanguage\":\"en-US\",\"potentialAction\":[{\"@type\":\"ReadAction\",\"target\":[\"https:\/\/www.gitehague.fr\/en\/bed-breakfast-hague-normandy\/\"]}]},{\"@type\":\"BreadcrumbList\",\"@id\":\"https:\/\/www.gitehague.fr\/en\/bed-breakfast-hague-normandy\/#breadcrumb\",\"itemListElement\":[{\"@type\":\"ListItem\",\"position\":1,\"name\":\"Accueil\",\"item\":\"http:\/\/www.gitehague.fr\/en\/\"},{\"@type\":\"ListItem\",\"position\":2,\"name\":\"Bed &#038; Breakfast in La Hague in the Cotentin peninsula\"}]},{\"@type\":\"WebSite\",\"@id\":\"https:\/\/www.gitehague.fr\/#website\",\"url\":\"https:\/\/www.gitehague.fr\/\",\"name\":\"G\u00eete Hague\",\"description\":\"Chambres d\u2019h\u00f4tes et G\u00eetes au Bout du Monde\",\"potentialAction\":[{\"@type\":\"SearchAction\",\"target\":{\"@type\":\"EntryPoint\",\"urlTemplate\":\"https:\/\/www.gitehague.fr\/?s={search_term_string}\"},\"query-input\":{\"@type\":\"PropertyValueSpecification\",\"valueRequired\":true,\"valueName\":\"search_term_string\"}}],\"inLanguage\":\"en-US\"}]}<\/script>\n<!-- \/ Yoast SEO plugin. -->","yoast_head_json":{"title":"Bed & Breakfast in La Hague in the Cotentin peninsula - G\u00eete Hague","robots":{"index":"index","follow":"follow","max-snippet":"max-snippet:-1","max-image-preview":"max-image-preview:large","max-video-preview":"max-video-preview:-1"},"canonical":"https:\/\/www.gitehague.fr\/en\/bed-breakfast-hague-normandy\/","og_locale":"en_US","og_type":"article","og_title":"Bed & Breakfast in La Hague in the Cotentin peninsula - G\u00eete Hague","og_description":"Come and enjoy our 5 welcoming and quiet rooms. Their independent access as well as their private bathrooms will give you all the freedom you need for a pleasant stay in our region. (Recommended by the Guide du Routard 2023) Our house is open all year round. For the well-being of all, pets are not allowed in the guest rooms. After a good night&#8217;s sleep, you can start the day enjoying a varied and copious breakfast composed of fresh food, fruit juice, jam, yoghurt, croissants, cereal, fruit compote, etc. It is included in the price of the night","og_url":"https:\/\/www.gitehague.fr\/en\/bed-breakfast-hague-normandy\/","og_site_name":"G\u00eete Hague","article_modified_time":"2025-01-20T14:53:02+00:00","twitter_card":"summary_large_image","twitter_misc":{"Est. reading time":"4 minutes"},"schema":{"@context":"https:\/\/schema.org","@graph":[{"@type":"WebPage","@id":"https:\/\/www.gitehague.fr\/en\/bed-breakfast-hague-normandy\/","url":"https:\/\/www.gitehague.fr\/en\/bed-breakfast-hague-normandy\/","name":"Bed & Breakfast in La Hague in the Cotentin peninsula - G\u00eete Hague","isPartOf":{"@id":"https:\/\/www.gitehague.fr\/#website"},"datePublished":"2023-07-27T20:18:47+00:00","dateModified":"2025-01-20T14:53:02+00:00","breadcrumb":{"@id":"https:\/\/www.gitehague.fr\/en\/bed-breakfast-hague-normandy\/#breadcrumb"},"inLanguage":"en-US","potentialAction":[{"@type":"ReadAction","target":["https:\/\/www.gitehague.fr\/en\/bed-breakfast-hague-normandy\/"]}]},{"@type":"BreadcrumbList","@id":"https:\/\/www.gitehague.fr\/en\/bed-breakfast-hague-normandy\/#breadcrumb","itemListElement":[{"@type":"ListItem","position":1,"name":"Accueil","item":"http:\/\/www.gitehague.fr\/en\/"},{"@type":"ListItem","position":2,"name":"Bed &#038; Breakfast in La Hague in the Cotentin peninsula"}]},{"@type":"WebSite","@id":"https:\/\/www.gitehague.fr\/#website","url":"https:\/\/www.gitehague.fr\/","name":"G\u00eete Hague","description":"Chambres d\u2019h\u00f4tes et G\u00eetes au Bout du Monde","potentialAction":[{"@type":"SearchAction","target":{"@type":"EntryPoint","urlTemplate":"https:\/\/www.gitehague.fr\/?s={search_term_string}"},"query-input":{"@type":"PropertyValueSpecification","valueRequired":true,"valueName":"search_term_string"}}],"inLanguage":"en-US"}]}},"_links":{"self":[{"href":"https:\/\/www.gitehague.fr\/en\/wp-json\/wp\/v2\/pages\/3744","targetHints":{"allow":["GET"]}}],"collection":[{"href":"https:\/\/www.gitehague.fr\/en\/wp-json\/wp\/v2\/pages"}],"about":[{"href":"https:\/\/www.gitehague.fr\/en\/wp-json\/wp\/v2\/types\/page"}],"author":[{"embeddable":true,"href":"https:\/\/www.gitehague.fr\/en\/wp-json\/wp\/v2\/users\/2"}],"replies":[{"embeddable":true,"href":"https:\/\/www.gitehague.fr\/en\/wp-json\/wp\/v2\/comments?post=3744"}],"version-history":[{"count":0,"href":"https:\/\/www.gitehague.fr\/en\/wp-json\/wp\/v2\/pages\/3744\/revisions"}],"wp:attachment":[{"href":"https:\/\/www.gitehague.fr\/en\/wp-json\/wp\/v2\/media?parent=3744"}],"curies":[{"name":"wp","href":"https:\/\/api.w.org\/{rel}","templated":true}]}}