{"id":3740,"date":"2023-07-27T22:15:00","date_gmt":"2023-07-27T20:15:00","guid":{"rendered":"https:\/\/www.gitehague.fr\/bienvenue\/"},"modified":"2023-08-24T13:19:22","modified_gmt":"2023-08-24T11:19:22","slug":"bienvenue","status":"publish","type":"page","link":"https:\/\/www.gitehague.fr\/en\/","title":{"rendered":"Welcome"},"content":{"rendered":"<div class=\"wpb-content-wrapper\"><p>[vc_row full_width=&#8221;stretch_row_content_no_spaces&#8221;][vc_column][vc_gallery interval=&#8221;3&#8243; images=&#8221;3614,3615,3616&#8243; img_size=&#8221;1920&#215;550&#8243; onclick=&#8221;&#8221;][\/vc_column][\/vc_row][vc_row css=&#8221;.vc_custom_1556112249978{padding-bottom: 40px !important;}&#8221;][vc_column width=&#8221;1\/2&#8243;][vc_single_image image=&#8221;3691&#8243; img_size=&#8221;full&#8221; alignment=&#8221;center&#8221; style=&#8221;vc_box_shadow_border&#8221;][\/vc_column][vc_column width=&#8221;1\/2&#8243;][vc_column_text css_animation=&#8221;fadeIn&#8221;]<\/p>\n<h1>Gite and Bed &amp; Breakfast in La Hague<\/h1>\n<h3>Stay at the Pointe de la Hague in Normandy<\/h3>\n<p>You are welcome to the Bed &amp; Breakfast and Gites Au bout du monde in the Cotentin peninsula, more exactly in Auderville. As a couple, in family or friends on holiday or just passing through, come and discover the Cape of La Hague with its spectacular and breathtaking landscapes. Delphine will be pleased to welcome you.<\/p>\n<p>This typical stone house can accommodate up to 12 people in B&amp;B and 8 people in the gite: it will have no other pretence than to offer you tranquillity, comfort and relax in a friendly atmosphere.[\/vc_column_text][\/vc_column][\/vc_row][vc_row full_width=&#8221;stretch_row&#8221; css=&#8221;.vc_custom_1556398245925{padding-top: 7% !important;padding-bottom: 7% !important;background-image: url(https:\/\/www.gitehague.fr\/wp-content\/uploads\/2019\/04\/fond-index.jpg?id=37) !important;background-position: center !important;background-repeat: no-repeat !important;background-size: cover !important;}&#8221;][vc_column][vc_row_inner][vc_column_inner width=&#8221;1\/4&#8243; el_id=&#8221;text-blanc&#8221;][\/vc_column_inner][vc_column_inner width=&#8221;1\/2&#8243; css=&#8221;.vc_custom_1556398309533{padding-top: 20px !important;padding-right: 20px !important;padding-bottom: 20px !important;padding-left: 20px !important;background-color: rgba(2,2,2,0.7) !important;*background-color: rgb(2,2,2) !important;}&#8221;][vc_column_text css_animation=&#8221;fadeIn&#8221; el_id=&#8221;text-blanc&#8221;]<\/p>\n<h3 style=\"text-align: center;\">AT THE EDGE OF THE WORLD &#8230;<\/h3>\n<p style=\"text-align: center;\">Auderville, situated in the French department of La Manche in Normandy, municipality of the Cape of la Hague, seems to be at the edge of the world. Half of its perimeter is maritime. Le chemin des douaniers (the custom officer&#8217;s path) makes you discover an exceptional panorama from the Baie d\u2019Escalgrain to Goury.<\/p>\n<p>[\/vc_column_text][vc_btn title=&#8221;Discover the activities to do in La Hague&#8221; style=&#8221;flat&#8221; shape=&#8221;square&#8221; color=&#8221;warning&#8221; align=&#8221;center&#8221; css_animation=&#8221;fadeIn&#8221; link=&#8221;url:https%3A%2F%2Fwww.gitehague.fr%2Fen%2Factivities-addresses%2F|title:Activit%C3%A9s||&#8221;][\/vc_column_inner][vc_column_inner width=&#8221;1\/4&#8243;][\/vc_column_inner][\/vc_row_inner][\/vc_column][\/vc_row][vc_row gap=&#8221;35&#8243;][vc_column width=&#8221;1\/2&#8243;][vc_column_text css_animation=&#8221;fadeIn&#8221; css=&#8221;.vc_custom_1690491709034{margin-bottom: 0px !important;padding-bottom: 20px !important;}&#8221;]<\/p>\n<h2>Gite rental in La Hague<\/h2>\n<p>[\/vc_column_text][vc_single_image image=&#8221;3616&#8243; img_size=&#8221;full&#8221; alignment=&#8221;center&#8221; style=&#8221;vc_box_shadow_border&#8221; css_animation=&#8221;fadeIn&#8221; css=&#8221;.vc_custom_1556112175930{margin-bottom: 0px !important;padding-bottom: 20px !important;}&#8221;][vc_column_text css_animation=&#8221;fadeInDown&#8221;]In a privileged location, you will easily discover the Pointe du Cotentin. Our local stone gite du Cap, which is attached to our house, is classified 3 \u00e9pis* by G\u00eetes de France.<br \/>\nComfortably equipped to accommodate up to 8 people, our 170m2 rental property is ideal for holidays with family or friends.[\/vc_column_text][vc_row_inner][vc_column_inner width=&#8221;1\/3&#8243;][vc_btn title=&#8221;Learn more&#8221; style=&#8221;flat&#8221; shape=&#8221;square&#8221; color=&#8221;warning&#8221; css_animation=&#8221;fadeIn&#8221; link=&#8221;url:https%3A%2F%2Fwww.gitehague.fr%2Fen%2Fgite-normandy%2F|title:Activit%C3%A9s||&#8221;][\/vc_column_inner][vc_column_inner width=&#8221;2\/3&#8243;][vc_btn title=&#8221;Booking&#8221; style=&#8221;flat&#8221; shape=&#8221;square&#8221; color=&#8221;info&#8221; css_animation=&#8221;fadeIn&#8221; link=&#8221;url:https%3A%2F%2Fwww.gitehague.fr%2Fen%2Freservation%2F|title:Activit%C3%A9s||&#8221;][\/vc_column_inner][\/vc_row_inner][\/vc_column][vc_column width=&#8221;1\/2&#8243;][vc_column_text css_animation=&#8221;fadeIn&#8221; css=&#8221;.vc_custom_1690491715106{margin-bottom: 0px !important;padding-bottom: 20px !important;}&#8221;]<\/p>\n<h2>Bed &amp; Breakfast rental in La Hague<\/h2>\n<p>[\/vc_column_text][vc_single_image image=&#8221;3615&#8243; img_size=&#8221;full&#8221; alignment=&#8221;center&#8221; style=&#8221;vc_box_shadow_border&#8221; css_animation=&#8221;fadeIn&#8221; css=&#8221;.vc_custom_1556112181223{margin-bottom: 0px !important;padding-bottom: 20px !important;}&#8221;][vc_column_text css_animation=&#8221;fadeInDown&#8221;]Come and enjoy our 5 welcoming and quiet rooms. Their independent access and private bathrooms will give you all the freedom you need for a pleasant stay in our region.<\/p>\n<p>Recommended by the Guide du Routard since 2008.[\/vc_column_text][vc_row_inner][vc_column_inner width=&#8221;1\/3&#8243;][vc_btn title=&#8221;Learn more&#8221; style=&#8221;flat&#8221; shape=&#8221;square&#8221; color=&#8221;warning&#8221; css_animation=&#8221;fadeIn&#8221; link=&#8221;url:https%3A%2F%2Fwww.gitehague.fr%2Fen%2Fbed-breakfast-hague-normandy%2F|title:Activit%C3%A9s||&#8221;][\/vc_column_inner][vc_column_inner width=&#8221;2\/3&#8243;][vc_btn title=&#8221;Booking&#8221; style=&#8221;flat&#8221; shape=&#8221;square&#8221; color=&#8221;info&#8221; css_animation=&#8221;fadeIn&#8221; link=&#8221;url:https%3A%2F%2Fwww.gitehague.fr%2Fen%2Freservation%2F|title:Activit%C3%A9s||&#8221;][\/vc_column_inner][\/vc_row_inner][\/vc_column][\/vc_row][vc_row][vc_column][vc_column_text]NB: *The G\u00eete de France \u201c\u00e9pis\u201d classification is there to guarantee the quality of services and infrastructures in all the label\u2019s accommodation. This classification is carried out after the passage of an accredited expert.<br \/>\nThis classification varies according to the architectural quality of the house and the environment, the degree of comfort, the decoration, and the services offered.[\/vc_column_text][\/vc_column][\/vc_row][vc_row][vc_column][\/vc_column][\/vc_row]<\/p>\n<\/div>","protected":false},"excerpt":{"rendered":"<p> Gite and Bed &amp; Breakfast in La Hague Stay at the Pointe de la Hague in Normandy You are welcome to the Bed &amp; Breakfast and Gites Au bout du monde in the Cotentin peninsula, more exactly in Auderville. As a couple, in family or friends on holiday or just passing through, come and discover the Cape of La Hague with its spectacular and breathtaking landscapes. Delphine will be pleased to welcome you. This typical stone house can accommodate up to 12 people in <\/p>\n","protected":false},"author":2,"featured_media":0,"parent":0,"menu_order":0,"comment_status":"closed","ping_status":"closed","template":"","meta":{"footnotes":""},"class_list":["post-3740","page","type-page","status-publish","hentry"],"yoast_head":"<!-- This site is optimized with the Yoast SEO plugin v27.2 - https:\/\/yoast.com\/product\/yoast-seo-wordpress\/ -->\n<title>G\u00eete et chambres d\u2019h\u00f4tes dans la Hague<\/title>\n<meta name=\"description\" content=\"Notre G\u00eete et nos Chambres d&#039;H\u00f4tes sont situ\u00e9s dans le d\u00e9partement de la Manche en Normandie, commune du Cap de la Hague. R\u00e9servez vos prochaines vacances !\" \/>\n<meta name=\"robots\" content=\"index, follow, max-snippet:-1, max-image-preview:large, max-video-preview:-1\" \/>\n<link rel=\"canonical\" href=\"http:\/\/www.gitehague.fr\/en\/\" \/>\n<meta property=\"og:locale\" content=\"en_US\" \/>\n<meta property=\"og:type\" content=\"article\" \/>\n<meta property=\"og:title\" content=\"G\u00eete et chambres d\u2019h\u00f4tes dans la Hague\" \/>\n<meta property=\"og:description\" content=\"Notre G\u00eete et nos Chambres d&#039;H\u00f4tes sont situ\u00e9s dans le d\u00e9partement de la Manche en Normandie, commune du Cap de la Hague. R\u00e9servez vos prochaines vacances !\" \/>\n<meta property=\"og:url\" content=\"http:\/\/www.gitehague.fr\/en\/\" \/>\n<meta property=\"og:site_name\" content=\"G\u00eete Hague\" \/>\n<meta property=\"article:modified_time\" content=\"2023-08-24T11:19:22+00:00\" \/>\n<meta name=\"twitter:card\" content=\"summary_large_image\" \/>\n<meta name=\"twitter:label1\" content=\"Est. reading time\" \/>\n\t<meta name=\"twitter:data1\" content=\"3 minutes\" \/>\n<script type=\"application\/ld+json\" class=\"yoast-schema-graph\">{\"@context\":\"https:\/\/schema.org\",\"@graph\":[{\"@type\":\"WebPage\",\"@id\":\"http:\/\/www.gitehague.fr\/en\/\",\"url\":\"http:\/\/www.gitehague.fr\/en\/\",\"name\":\"G\u00eete et chambres d\u2019h\u00f4tes dans la Hague\",\"isPartOf\":{\"@id\":\"http:\/\/www.gitehague.fr\/en\/#website\"},\"datePublished\":\"2023-07-27T20:15:00+00:00\",\"dateModified\":\"2023-08-24T11:19:22+00:00\",\"description\":\"Notre G\u00eete et nos Chambres d'H\u00f4tes sont situ\u00e9s dans le d\u00e9partement de la Manche en Normandie, commune du Cap de la Hague. R\u00e9servez vos prochaines vacances !\",\"breadcrumb\":{\"@id\":\"http:\/\/www.gitehague.fr\/en\/#breadcrumb\"},\"inLanguage\":\"en-US\",\"potentialAction\":[{\"@type\":\"ReadAction\",\"target\":[\"http:\/\/www.gitehague.fr\/en\/\"]}]},{\"@type\":\"BreadcrumbList\",\"@id\":\"http:\/\/www.gitehague.fr\/en\/#breadcrumb\",\"itemListElement\":[{\"@type\":\"ListItem\",\"position\":1,\"name\":\"Accueil\",\"item\":\"http:\/\/www.gitehague.fr\/en\/\"},{\"@type\":\"ListItem\",\"position\":2,\"name\":\"Welcome\"}]},{\"@type\":\"WebSite\",\"@id\":\"http:\/\/www.gitehague.fr\/en\/#website\",\"url\":\"http:\/\/www.gitehague.fr\/en\/\",\"name\":\"G\u00eete Hague\",\"description\":\"Chambres d\u2019h\u00f4tes et G\u00eetes au Bout du Monde\",\"potentialAction\":[{\"@type\":\"SearchAction\",\"target\":{\"@type\":\"EntryPoint\",\"urlTemplate\":\"http:\/\/www.gitehague.fr\/en\/?s={search_term_string}\"},\"query-input\":{\"@type\":\"PropertyValueSpecification\",\"valueRequired\":true,\"valueName\":\"search_term_string\"}}],\"inLanguage\":\"en-US\"}]}<\/script>\n<!-- \/ Yoast SEO plugin. -->","yoast_head_json":{"title":"G\u00eete et chambres d\u2019h\u00f4tes dans la Hague","description":"Notre G\u00eete et nos Chambres d'H\u00f4tes sont situ\u00e9s dans le d\u00e9partement de la Manche en Normandie, commune du Cap de la Hague. R\u00e9servez vos prochaines vacances !","robots":{"index":"index","follow":"follow","max-snippet":"max-snippet:-1","max-image-preview":"max-image-preview:large","max-video-preview":"max-video-preview:-1"},"canonical":"http:\/\/www.gitehague.fr\/en\/","og_locale":"en_US","og_type":"article","og_title":"G\u00eete et chambres d\u2019h\u00f4tes dans la Hague","og_description":"Notre G\u00eete et nos Chambres d'H\u00f4tes sont situ\u00e9s dans le d\u00e9partement de la Manche en Normandie, commune du Cap de la Hague. R\u00e9servez vos prochaines vacances !","og_url":"http:\/\/www.gitehague.fr\/en\/","og_site_name":"G\u00eete Hague","article_modified_time":"2023-08-24T11:19:22+00:00","twitter_card":"summary_large_image","twitter_misc":{"Est. reading time":"3 minutes"},"schema":{"@context":"https:\/\/schema.org","@graph":[{"@type":"WebPage","@id":"http:\/\/www.gitehague.fr\/en\/","url":"http:\/\/www.gitehague.fr\/en\/","name":"G\u00eete et chambres d\u2019h\u00f4tes dans la Hague","isPartOf":{"@id":"http:\/\/www.gitehague.fr\/en\/#website"},"datePublished":"2023-07-27T20:15:00+00:00","dateModified":"2023-08-24T11:19:22+00:00","description":"Notre G\u00eete et nos Chambres d'H\u00f4tes sont situ\u00e9s dans le d\u00e9partement de la Manche en Normandie, commune du Cap de la Hague. R\u00e9servez vos prochaines vacances !","breadcrumb":{"@id":"http:\/\/www.gitehague.fr\/en\/#breadcrumb"},"inLanguage":"en-US","potentialAction":[{"@type":"ReadAction","target":["http:\/\/www.gitehague.fr\/en\/"]}]},{"@type":"BreadcrumbList","@id":"http:\/\/www.gitehague.fr\/en\/#breadcrumb","itemListElement":[{"@type":"ListItem","position":1,"name":"Accueil","item":"http:\/\/www.gitehague.fr\/en\/"},{"@type":"ListItem","position":2,"name":"Welcome"}]},{"@type":"WebSite","@id":"http:\/\/www.gitehague.fr\/en\/#website","url":"http:\/\/www.gitehague.fr\/en\/","name":"G\u00eete Hague","description":"Chambres d\u2019h\u00f4tes et G\u00eetes au Bout du Monde","potentialAction":[{"@type":"SearchAction","target":{"@type":"EntryPoint","urlTemplate":"http:\/\/www.gitehague.fr\/en\/?s={search_term_string}"},"query-input":{"@type":"PropertyValueSpecification","valueRequired":true,"valueName":"search_term_string"}}],"inLanguage":"en-US"}]}},"_links":{"self":[{"href":"https:\/\/www.gitehague.fr\/en\/wp-json\/wp\/v2\/pages\/3740","targetHints":{"allow":["GET"]}}],"collection":[{"href":"https:\/\/www.gitehague.fr\/en\/wp-json\/wp\/v2\/pages"}],"about":[{"href":"https:\/\/www.gitehague.fr\/en\/wp-json\/wp\/v2\/types\/page"}],"author":[{"embeddable":true,"href":"https:\/\/www.gitehague.fr\/en\/wp-json\/wp\/v2\/users\/2"}],"replies":[{"embeddable":true,"href":"https:\/\/www.gitehague.fr\/en\/wp-json\/wp\/v2\/comments?post=3740"}],"version-history":[{"count":0,"href":"https:\/\/www.gitehague.fr\/en\/wp-json\/wp\/v2\/pages\/3740\/revisions"}],"wp:attachment":[{"href":"https:\/\/www.gitehague.fr\/en\/wp-json\/wp\/v2\/media?parent=3740"}],"curies":[{"name":"wp","href":"https:\/\/api.w.org\/{rel}","templated":true}]}}