{"id":3772,"date":"2023-07-27T22:52:48","date_gmt":"2023-07-27T20:52:48","guid":{"rendered":"https:\/\/www.gitehague.fr\/mentions-legales\/"},"modified":"2023-07-27T22:53:33","modified_gmt":"2023-07-27T20:53:33","slug":"mentions-legales","status":"publish","type":"page","link":"http:\/\/www.gitehague.fr\/en\/mentions-legales\/","title":{"rendered":"Mentions L\u00e9gales"},"content":{"rendered":"<h2 style=\"text-align: center;\">G\u00eete Hague<\/h2>\n<p style=\"text-align: center;\"><strong>Dirigeant :<\/strong><br \/>\nLecouvey-Bellin Delphine<\/p>\n<p style=\"text-align: center;\"><strong>Si\u00e8ge Social :<\/strong><br \/>\n67, rue de l&#8217;Eglise Saint Gilles &#8211; 50440 Auderville &#8211; La Hague<br \/>\nT\u00e9l. : 02 33 01 56 39<\/p>\n<p style=\"text-align: center;\">SIRET :\u00a0451 415 335 000 12 &#8211; APE : 5520Z<\/p>\n<p style=\"text-align: center;\"><strong>Responsable de la publication<\/strong> : Lecouvey-Bellin Delphine<\/p>\n<h4 style=\"text-align: center;\"><strong>Cr\u00e9ation du site<\/strong><\/h4>\n<p style=\"text-align: center;\"><strong>Alexandre Lemelle<\/strong><br \/>\n1 cit\u00e9 Jean-Baptiste Lebas 50110 Tourlaville, Cherbourg-en-Cotentin<br \/>\nT\u00e9l. : 06 64 98 03 30<br \/>\n<a href=\"https:\/\/www.webcom.me\/\" target=\"_blank\" rel=\"noopener noreferrer\">www.webcom.me<\/a><\/p>\n<h4 style=\"text-align: center;\"><strong>H\u00e9bergement<\/strong><\/h4>\n<p style=\"text-align: center;\"><strong>OVH<\/strong>, 140 quai du Sartel, 59100 Roubaix<br \/>\nT\u00e9l. : 0899 701 761<\/p>\n","protected":false},"excerpt":{"rendered":"<p>G\u00eete Hague Dirigeant : Lecouvey-Bellin Delphine Si\u00e8ge Social : 67, rue de l&#8217;Eglise Saint Gilles &#8211; 50440 Auderville &#8211; La Hague T\u00e9l. : 02 33 01 56 39 SIRET :\u00a0451 415 335 000 12 &#8211; APE : 5520Z Responsable de la publication : Lecouvey-Bellin Delphine Cr\u00e9ation du site Alexandre Lemelle 1 cit\u00e9 Jean-Baptiste Lebas 50110 Tourlaville, Cherbourg-en-Cotentin T\u00e9l. : 06 64 98 03 30 www.webcom.me H\u00e9bergement OVH, 140 quai du Sartel, 59100 Roubaix T\u00e9l. : 0899 701 761<\/p>\n","protected":false},"author":2,"featured_media":0,"parent":0,"menu_order":0,"comment_status":"closed","ping_status":"closed","template":"","meta":{"footnotes":""},"class_list":["post-3772","page","type-page","status-publish","hentry"],"yoast_head":"<!-- This site is optimized with the Yoast SEO plugin v27.2 - https:\/\/yoast.com\/product\/yoast-seo-wordpress\/ -->\n<title>Mentions L\u00e9gales - G\u00eete Hague<\/title>\n<meta name=\"robots\" content=\"index, follow, max-snippet:-1, max-image-preview:large, max-video-preview:-1\" \/>\n<link rel=\"canonical\" href=\"https:\/\/www.gitehague.fr\/en\/mentions-legales\/\" \/>\n<meta property=\"og:locale\" content=\"en_US\" \/>\n<meta property=\"og:type\" content=\"article\" \/>\n<meta property=\"og:title\" content=\"Mentions L\u00e9gales - G\u00eete Hague\" \/>\n<meta property=\"og:description\" content=\"G\u00eete Hague Dirigeant : Lecouvey-Bellin Delphine Si\u00e8ge Social : 67, rue de l&#8217;Eglise Saint Gilles &#8211; 50440 Auderville &#8211; La Hague T\u00e9l. : 02 33 01 56 39 SIRET :\u00a0451 415 335 000 12 &#8211; APE : 5520Z Responsable de la publication : Lecouvey-Bellin Delphine Cr\u00e9ation du site Alexandre Lemelle 1 cit\u00e9 Jean-Baptiste Lebas 50110 Tourlaville, Cherbourg-en-Cotentin T\u00e9l. : 06 64 98 03 30 www.webcom.me H\u00e9bergement OVH, 140 quai du Sartel, 59100 Roubaix T\u00e9l. : 0899 701 761\" \/>\n<meta property=\"og:url\" content=\"https:\/\/www.gitehague.fr\/en\/mentions-legales\/\" \/>\n<meta property=\"og:site_name\" content=\"G\u00eete Hague\" \/>\n<meta property=\"article:modified_time\" content=\"2023-07-27T20:53:33+00:00\" \/>\n<meta name=\"twitter:card\" content=\"summary_large_image\" \/>\n<meta name=\"twitter:label1\" content=\"Est. reading time\" \/>\n\t<meta name=\"twitter:data1\" content=\"1 minute\" \/>\n<script type=\"application\/ld+json\" class=\"yoast-schema-graph\">{\"@context\":\"https:\/\/schema.org\",\"@graph\":[{\"@type\":\"WebPage\",\"@id\":\"https:\/\/www.gitehague.fr\/en\/mentions-legales\/\",\"url\":\"https:\/\/www.gitehague.fr\/en\/mentions-legales\/\",\"name\":\"Mentions L\u00e9gales - G\u00eete Hague\",\"isPartOf\":{\"@id\":\"https:\/\/www.gitehague.fr\/#website\"},\"datePublished\":\"2023-07-27T20:52:48+00:00\",\"dateModified\":\"2023-07-27T20:53:33+00:00\",\"breadcrumb\":{\"@id\":\"https:\/\/www.gitehague.fr\/en\/mentions-legales\/#breadcrumb\"},\"inLanguage\":\"en-US\",\"potentialAction\":[{\"@type\":\"ReadAction\",\"target\":[\"https:\/\/www.gitehague.fr\/en\/mentions-legales\/\"]}]},{\"@type\":\"BreadcrumbList\",\"@id\":\"https:\/\/www.gitehague.fr\/en\/mentions-legales\/#breadcrumb\",\"itemListElement\":[{\"@type\":\"ListItem\",\"position\":1,\"name\":\"Accueil\",\"item\":\"https:\/\/www.gitehague.fr\/en\/\"},{\"@type\":\"ListItem\",\"position\":2,\"name\":\"Mentions L\u00e9gales\"}]},{\"@type\":\"WebSite\",\"@id\":\"https:\/\/www.gitehague.fr\/#website\",\"url\":\"https:\/\/www.gitehague.fr\/\",\"name\":\"G\u00eete Hague\",\"description\":\"Chambres d\u2019h\u00f4tes et G\u00eetes au Bout du Monde\",\"potentialAction\":[{\"@type\":\"SearchAction\",\"target\":{\"@type\":\"EntryPoint\",\"urlTemplate\":\"https:\/\/www.gitehague.fr\/?s={search_term_string}\"},\"query-input\":{\"@type\":\"PropertyValueSpecification\",\"valueRequired\":true,\"valueName\":\"search_term_string\"}}],\"inLanguage\":\"en-US\"}]}<\/script>\n<!-- \/ Yoast SEO plugin. -->","yoast_head_json":{"title":"Mentions L\u00e9gales - G\u00eete Hague","robots":{"index":"index","follow":"follow","max-snippet":"max-snippet:-1","max-image-preview":"max-image-preview:large","max-video-preview":"max-video-preview:-1"},"canonical":"https:\/\/www.gitehague.fr\/en\/mentions-legales\/","og_locale":"en_US","og_type":"article","og_title":"Mentions L\u00e9gales - G\u00eete Hague","og_description":"G\u00eete Hague Dirigeant : Lecouvey-Bellin Delphine Si\u00e8ge Social : 67, rue de l&#8217;Eglise Saint Gilles &#8211; 50440 Auderville &#8211; La Hague T\u00e9l. : 02 33 01 56 39 SIRET :\u00a0451 415 335 000 12 &#8211; APE : 5520Z Responsable de la publication : Lecouvey-Bellin Delphine Cr\u00e9ation du site Alexandre Lemelle 1 cit\u00e9 Jean-Baptiste Lebas 50110 Tourlaville, Cherbourg-en-Cotentin T\u00e9l. : 06 64 98 03 30 www.webcom.me H\u00e9bergement OVH, 140 quai du Sartel, 59100 Roubaix T\u00e9l. : 0899 701 761","og_url":"https:\/\/www.gitehague.fr\/en\/mentions-legales\/","og_site_name":"G\u00eete Hague","article_modified_time":"2023-07-27T20:53:33+00:00","twitter_card":"summary_large_image","twitter_misc":{"Est. reading time":"1 minute"},"schema":{"@context":"https:\/\/schema.org","@graph":[{"@type":"WebPage","@id":"https:\/\/www.gitehague.fr\/en\/mentions-legales\/","url":"https:\/\/www.gitehague.fr\/en\/mentions-legales\/","name":"Mentions L\u00e9gales - G\u00eete Hague","isPartOf":{"@id":"https:\/\/www.gitehague.fr\/#website"},"datePublished":"2023-07-27T20:52:48+00:00","dateModified":"2023-07-27T20:53:33+00:00","breadcrumb":{"@id":"https:\/\/www.gitehague.fr\/en\/mentions-legales\/#breadcrumb"},"inLanguage":"en-US","potentialAction":[{"@type":"ReadAction","target":["https:\/\/www.gitehague.fr\/en\/mentions-legales\/"]}]},{"@type":"BreadcrumbList","@id":"https:\/\/www.gitehague.fr\/en\/mentions-legales\/#breadcrumb","itemListElement":[{"@type":"ListItem","position":1,"name":"Accueil","item":"https:\/\/www.gitehague.fr\/en\/"},{"@type":"ListItem","position":2,"name":"Mentions L\u00e9gales"}]},{"@type":"WebSite","@id":"https:\/\/www.gitehague.fr\/#website","url":"https:\/\/www.gitehague.fr\/","name":"G\u00eete Hague","description":"Chambres d\u2019h\u00f4tes et G\u00eetes au Bout du Monde","potentialAction":[{"@type":"SearchAction","target":{"@type":"EntryPoint","urlTemplate":"https:\/\/www.gitehague.fr\/?s={search_term_string}"},"query-input":{"@type":"PropertyValueSpecification","valueRequired":true,"valueName":"search_term_string"}}],"inLanguage":"en-US"}]}},"_links":{"self":[{"href":"http:\/\/www.gitehague.fr\/en\/wp-json\/wp\/v2\/pages\/3772","targetHints":{"allow":["GET"]}}],"collection":[{"href":"http:\/\/www.gitehague.fr\/en\/wp-json\/wp\/v2\/pages"}],"about":[{"href":"http:\/\/www.gitehague.fr\/en\/wp-json\/wp\/v2\/types\/page"}],"author":[{"embeddable":true,"href":"http:\/\/www.gitehague.fr\/en\/wp-json\/wp\/v2\/users\/2"}],"replies":[{"embeddable":true,"href":"http:\/\/www.gitehague.fr\/en\/wp-json\/wp\/v2\/comments?post=3772"}],"version-history":[{"count":0,"href":"http:\/\/www.gitehague.fr\/en\/wp-json\/wp\/v2\/pages\/3772\/revisions"}],"wp:attachment":[{"href":"http:\/\/www.gitehague.fr\/en\/wp-json\/wp\/v2\/media?parent=3772"}],"curies":[{"name":"wp","href":"https:\/\/api.w.org\/{rel}","templated":true}]}}